{"id":202,"date":"2023-05-21T16:24:36","date_gmt":"2023-05-21T16:24:36","guid":{"rendered":"http:\/\/wakeparkttom.com\/?page_id=202"},"modified":"2023-06-09T09:47:40","modified_gmt":"2023-06-09T07:47:40","slug":"wakeboard","status":"publish","type":"page","link":"http:\/\/wakeparkttom.com\/de\/wakeboard\/","title":{"rendered":"Wakeboard"},"content":{"rendered":"<div data-elementor-type=\"wp-page\" data-elementor-id=\"202\" class=\"elementor elementor-202\" data-elementor-post-type=\"page\">\n\t\t\t\t\t\t\t\t\t<section class=\"elementor-section elementor-top-section elementor-element elementor-element-0f3704a elementor-section-height-min-height elementor-section-boxed elementor-section-height-default elementor-section-items-middle\" data-id=\"0f3704a\" data-element_type=\"section\" data-settings=\"{&quot;background_background&quot;:&quot;classic&quot;}\">\n\t\t\t\t\t\t\t<div class=\"elementor-background-overlay\"><\/div>\n\t\t\t\t\t\t\t<div class=\"elementor-container elementor-column-gap-default\">\n\t\t\t\t\t<div class=\"elementor-column elementor-col-100 elementor-top-column elementor-element elementor-element-fe2714b\" data-id=\"fe2714b\" data-element_type=\"column\">\n\t\t\t<div class=\"elementor-widget-wrap elementor-element-populated\">\n\t\t\t\t\t\t\t\t<div class=\"elementor-element elementor-element-3e9776f elementor-widget elementor-widget-heading\" data-id=\"3e9776f\" data-element_type=\"widget\" data-widget_type=\"heading.default\">\n\t\t\t\t<div class=\"elementor-widget-container\">\n\t\t\t<style>\/*! elementor - v3.15.0 - 20-08-2023 *\/\n.elementor-heading-title{padding:0;margin:0;line-height:1}.elementor-widget-heading .elementor-heading-title[class*=elementor-size-]>a{color:inherit;font-size:inherit;line-height:inherit}.elementor-widget-heading .elementor-heading-title.elementor-size-small{font-size:15px}.elementor-widget-heading .elementor-heading-title.elementor-size-medium{font-size:19px}.elementor-widget-heading .elementor-heading-title.elementor-size-large{font-size:29px}.elementor-widget-heading .elementor-heading-title.elementor-size-xl{font-size:39px}.elementor-widget-heading .elementor-heading-title.elementor-size-xxl{font-size:59px}<\/style><h2 class=\"elementor-heading-title elementor-size-default\">Wakeboard<\/h2>\t\t<\/div>\n\t\t\t\t<\/div>\n\t\t\t\t\t<\/div>\n\t\t<\/div>\n\t\t\t\t\t\t\t<\/div>\n\t\t<\/section>\n\t\t\t\t<section class=\"elementor-section elementor-top-section elementor-element elementor-element-5054b54 elementor-section-boxed elementor-section-height-default elementor-section-height-default\" data-id=\"5054b54\" data-element_type=\"section\">\n\t\t\t\t\t\t<div class=\"elementor-container elementor-column-gap-default\">\n\t\t\t\t\t<div class=\"elementor-column elementor-col-100 elementor-top-column elementor-element elementor-element-1e92396\" data-id=\"1e92396\" data-element_type=\"column\">\n\t\t\t<div class=\"elementor-widget-wrap elementor-element-populated\">\n\t\t\t\t\t\t\t\t<div class=\"elementor-element elementor-element-11a1a11 elementor-widget elementor-widget-text-editor\" data-id=\"11a1a11\" data-element_type=\"widget\" data-widget_type=\"text-editor.default\">\n\t\t\t\t<div class=\"elementor-widget-container\">\n\t\t\t<style>\/*! elementor - v3.15.0 - 20-08-2023 *\/\n.elementor-widget-text-editor.elementor-drop-cap-view-stacked .elementor-drop-cap{background-color:#69727d;color:#fff}.elementor-widget-text-editor.elementor-drop-cap-view-framed .elementor-drop-cap{color:#69727d;border:3px solid;background-color:transparent}.elementor-widget-text-editor:not(.elementor-drop-cap-view-default) .elementor-drop-cap{margin-top:8px}.elementor-widget-text-editor:not(.elementor-drop-cap-view-default) .elementor-drop-cap-letter{width:1em;height:1em}.elementor-widget-text-editor .elementor-drop-cap{float:left;text-align:center;line-height:1;font-size:50px}.elementor-widget-text-editor .elementor-drop-cap-letter{display:inline-block}<\/style>\t\t\t\t<p>Willkommen im Wakepark Ttom, gelegen in einer privilegierten Umgebung an der M\u00fcndung des Flusses Ebro, im Herzen des Naturparks Delta.<\/p>\n<p>Genie\u00dfen Sie ein einzigartiges Erlebnis inmitten der Natur und der beeindruckenden Reisfelder, die die Landschaft ausmachen. Unser 2.0-Kabel ist mit einer Gesamtentfernung von 205 Metern zwischen den beiden T\u00fcrmen das l\u00e4ngste auf der Halbinsel.&nbsp;<\/p>\n<p>Mit einem breiten Angebot an Dienstleistungen und Aktivit\u00e4ten ist Wakepark Ttom die ideale Wahl f\u00fcr alle Liebhaber von Sport, Natur und Spa\u00df.<\/p>\t\t\t\t\t\t<\/div>\n\t\t\t\t<\/div>\n\t\t\t\t\t<\/div>\n\t\t<\/div>\n\t\t\t\t\t\t\t<\/div>\n\t\t<\/section>\n\t\t\t\t<section class=\"elementor-section elementor-top-section elementor-element elementor-element-b72d1c8 elementor-section-boxed elementor-section-height-default elementor-section-height-default\" data-id=\"b72d1c8\" data-element_type=\"section\">\n\t\t\t\t\t\t<div class=\"elementor-container elementor-column-gap-default\">\n\t\t\t\t\t<div class=\"elementor-column elementor-col-100 elementor-top-column elementor-element elementor-element-2951e52\" data-id=\"2951e52\" data-element_type=\"column\">\n\t\t\t<div class=\"elementor-widget-wrap elementor-element-populated\">\n\t\t\t\t\t\t\t\t<section class=\"elementor-section elementor-inner-section elementor-element elementor-element-12d3148 elementor-section-boxed elementor-section-height-default elementor-section-height-default\" data-id=\"12d3148\" data-element_type=\"section\">\n\t\t\t\t\t\t<div class=\"elementor-container elementor-column-gap-default\">\n\t\t\t\t\t<div class=\"elementor-column elementor-col-50 elementor-inner-column elementor-element elementor-element-f6a3435\" data-id=\"f6a3435\" data-element_type=\"column\">\n\t\t\t<div class=\"elementor-widget-wrap elementor-element-populated\">\n\t\t\t\t\t\t\t\t<div class=\"elementor-element elementor-element-c56a271 elementor-widget__width-initial elementor-widget elementor-widget-image\" data-id=\"c56a271\" data-element_type=\"widget\" data-widget_type=\"image.default\">\n\t\t\t\t<div class=\"elementor-widget-container\">\n\t\t\t<style>\/*! elementor - v3.15.0 - 20-08-2023 *\/\n.elementor-widget-image{text-align:center}.elementor-widget-image a{display:inline-block}.elementor-widget-image a img[src$=\".svg\"]{width:48px}.elementor-widget-image img{vertical-align:middle;display:inline-block}<\/style>\t\t\t\t\t\t\t\t\t\t\t\t<img decoding=\"async\" loading=\"lazy\" width=\"300\" height=\"207\" src=\"https:\/\/i0.wp.com\/wakeparkttom.com\/wp-content\/uploads\/2023\/05\/photo_2023-04-19_16-57-49.jpg?fit=300%2C207&amp;ssl=1\" class=\"attachment-medium size-medium wp-image-379\" alt=\"\" srcset=\"https:\/\/i0.wp.com\/wakeparkttom.com\/wp-content\/uploads\/2023\/05\/photo_2023-04-19_16-57-49.jpg?w=1280&amp;ssl=1 1280w, https:\/\/i0.wp.com\/wakeparkttom.com\/wp-content\/uploads\/2023\/05\/photo_2023-04-19_16-57-49.jpg?resize=300%2C207&amp;ssl=1 300w, https:\/\/i0.wp.com\/wakeparkttom.com\/wp-content\/uploads\/2023\/05\/photo_2023-04-19_16-57-49.jpg?resize=1024%2C708&amp;ssl=1 1024w, https:\/\/i0.wp.com\/wakeparkttom.com\/wp-content\/uploads\/2023\/05\/photo_2023-04-19_16-57-49.jpg?resize=768%2C531&amp;ssl=1 768w\" sizes=\"(max-width: 300px) 100vw, 300px\" \/>\t\t\t\t\t\t\t\t\t\t\t\t\t\t\t<\/div>\n\t\t\t\t<\/div>\n\t\t\t\t\t<\/div>\n\t\t<\/div>\n\t\t\t\t<div class=\"elementor-column elementor-col-50 elementor-inner-column elementor-element elementor-element-9ba9a4a\" data-id=\"9ba9a4a\" data-element_type=\"column\">\n\t\t\t<div class=\"elementor-widget-wrap elementor-element-populated\">\n\t\t\t\t\t\t\t\t<div class=\"elementor-element elementor-element-fef576f elementor-widget__width-initial elementor-widget elementor-widget-text-editor\" data-id=\"fef576f\" data-element_type=\"widget\" data-widget_type=\"text-editor.default\">\n\t\t\t\t<div class=\"elementor-widget-container\">\n\t\t\t\t\t\t\t<p><span>Ein Spa\u00df, der nie endet!!<\/span><\/p><p><span>Mit zunehmendem Level nehmen Sie verschiedene Hindernisse mit gr\u00f6\u00dferem Schwierigkeitsgrad in Angriff und k\u00f6nnen auch Wakeskate betreiben, was \u00e4hnlich ist, allerdings auf einem Skateboard und ohne Stiefel.<\/span><\/p>\t\t\t\t\t\t<\/div>\n\t\t\t\t<\/div>\n\t\t\t\t\t<\/div>\n\t\t<\/div>\n\t\t\t\t\t\t\t<\/div>\n\t\t<\/section>\n\t\t\t\t\t<\/div>\n\t\t<\/div>\n\t\t\t\t\t\t\t<\/div>\n\t\t<\/section>\n\t\t\t\t\t\t\t<\/div>","protected":false},"excerpt":{"rendered":"<p>Wakeboard Benvinguts al Wakepark Ttom, situat en un entorn privilegiat a la desembocadura del Riu Ebre, al cor del parc natural del Delta. Gaudiu d&#8217;una experi\u00e8ncia \u00fanica envoltada de la natura i els impressionants arrossars que conformen el paisatge. El nostre cable 2.0 \u00e9s el m\u00e9s llarg de la pen\u00ednsula, amb una dist\u00e0ncia total de [&hellip;]<\/p>","protected":false},"author":4,"featured_media":0,"parent":0,"menu_order":0,"comment_status":"closed","ping_status":"closed","template":"","meta":{"om_disable_all_campaigns":false,"footnotes":"","_joinchat":[]},"yoast_head":"<!-- This site is optimized with the Yoast SEO plugin v21.1 - https:\/\/yoast.com\/wordpress\/plugins\/seo\/ -->\n<title>Wakeboard - Wakepark TTOM<\/title>\n<meta name=\"description\" content=\"Benvinguts al Wakepark Ttom, lloc privilegiat a la desembocadura del Riu Ebre al Delta, on podreu gaudir d&#039;una experi\u00e8ncia \u00fanica envoltats de la natura i els impressionants arrossars. Amb el nostre cable 2.0, el m\u00e9s llarg de la pen\u00ednsula, oferim una gran varietat de serveis i activitats per a tots els amants de l&#039;esport, la natura i la diversi\u00f3. Descobreix el wakeboard amb diferents obstacles i fins i tot wakeskate, una experi\u00e8ncia que mai s&#039;acaba. Vine i gaudeix del nostre entorn excepcional.\" \/>\n<meta name=\"robots\" content=\"index, follow, max-snippet:-1, max-image-preview:large, max-video-preview:-1\" \/>\n<link rel=\"canonical\" href=\"http:\/\/wakeparkttom.com\/de\/wakeboard\/\" \/>\n<meta property=\"og:locale\" content=\"de_DE\" \/>\n<meta property=\"og:type\" content=\"article\" \/>\n<meta property=\"og:title\" content=\"Wakeboard - Wakepark TTOM\" \/>\n<meta property=\"og:description\" content=\"Benvinguts al Wakepark Ttom, lloc privilegiat a la desembocadura del Riu Ebre al Delta, on podreu gaudir d&#039;una experi\u00e8ncia \u00fanica envoltats de la natura i els impressionants arrossars. Amb el nostre cable 2.0, el m\u00e9s llarg de la pen\u00ednsula, oferim una gran varietat de serveis i activitats per a tots els amants de l&#039;esport, la natura i la diversi\u00f3. Descobreix el wakeboard amb diferents obstacles i fins i tot wakeskate, una experi\u00e8ncia que mai s&#039;acaba. Vine i gaudeix del nostre entorn excepcional.\" \/>\n<meta property=\"og:url\" content=\"http:\/\/wakeparkttom.com\/de\/wakeboard\/\" \/>\n<meta property=\"og:site_name\" content=\"Wakepark TTOM\" \/>\n<meta property=\"article:modified_time\" content=\"2023-06-09T07:47:40+00:00\" \/>\n<meta property=\"og:image\" content=\"http:\/\/wakeparkttom.com\/wp-content\/uploads\/2023\/05\/photo_2023-04-19_16-57-49-300x207.jpg\" \/>\n<meta name=\"twitter:card\" content=\"summary_large_image\" \/>\n<meta name=\"twitter:label1\" content=\"Gesch\u00e4tzte Lesezeit\" \/>\n\t<meta name=\"twitter:data1\" content=\"1 Minute\" \/>\n<script type=\"application\/ld+json\" class=\"yoast-schema-graph\">{\"@context\":\"https:\/\/schema.org\",\"@graph\":[{\"@type\":\"WebPage\",\"@id\":\"https:\/\/wakeparkttom.com\/wakeboard\/\",\"url\":\"https:\/\/wakeparkttom.com\/wakeboard\/\",\"name\":\"Wakeboard - Wakepark TTOM\",\"isPartOf\":{\"@id\":\"https:\/\/wakeparkttom.com\/#website\"},\"datePublished\":\"2023-05-21T16:24:36+00:00\",\"dateModified\":\"2023-06-09T07:47:40+00:00\",\"description\":\"Benvinguts al Wakepark Ttom, lloc privilegiat a la desembocadura del Riu Ebre al Delta, on podreu gaudir d'una experi\u00e8ncia \u00fanica envoltats de la natura i els impressionants arrossars. Amb el nostre cable 2.0, el m\u00e9s llarg de la pen\u00ednsula, oferim una gran varietat de serveis i activitats per a tots els amants de l'esport, la natura i la diversi\u00f3. Descobreix el wakeboard amb diferents obstacles i fins i tot wakeskate, una experi\u00e8ncia que mai s'acaba. Vine i gaudeix del nostre entorn excepcional.\",\"breadcrumb\":{\"@id\":\"https:\/\/wakeparkttom.com\/wakeboard\/#breadcrumb\"},\"inLanguage\":\"de-DE\",\"potentialAction\":[{\"@type\":\"ReadAction\",\"target\":[\"https:\/\/wakeparkttom.com\/wakeboard\/\"]}]},{\"@type\":\"BreadcrumbList\",\"@id\":\"https:\/\/wakeparkttom.com\/wakeboard\/#breadcrumb\",\"itemListElement\":[{\"@type\":\"ListItem\",\"position\":1,\"name\":\"Home\",\"item\":\"https:\/\/wakeparkttom.com\/\"},{\"@type\":\"ListItem\",\"position\":2,\"name\":\"Wakeboard\"}]},{\"@type\":\"WebSite\",\"@id\":\"https:\/\/wakeparkttom.com\/#website\",\"url\":\"https:\/\/wakeparkttom.com\/\",\"name\":\"Wakepark TTOM\",\"description\":\"Esport i diversi\u00f3\",\"publisher\":{\"@id\":\"https:\/\/wakeparkttom.com\/#organization\"},\"potentialAction\":[{\"@type\":\"SearchAction\",\"target\":{\"@type\":\"EntryPoint\",\"urlTemplate\":\"https:\/\/wakeparkttom.com\/?s={search_term_string}\"},\"query-input\":\"required name=search_term_string\"}],\"inLanguage\":\"de-DE\"},{\"@type\":\"Organization\",\"@id\":\"https:\/\/wakeparkttom.com\/#organization\",\"name\":\"Wakepark Ttom\",\"url\":\"https:\/\/wakeparkttom.com\/\",\"logo\":{\"@type\":\"ImageObject\",\"inLanguage\":\"de-DE\",\"@id\":\"https:\/\/wakeparkttom.com\/#\/schema\/logo\/image\/\",\"url\":\"https:\/\/wakeparkttom.com\/wp-content\/uploads\/2023\/05\/footer-logo.png\",\"contentUrl\":\"https:\/\/wakeparkttom.com\/wp-content\/uploads\/2023\/05\/footer-logo.png\",\"width\":167,\"height\":138,\"caption\":\"Wakepark Ttom\"},\"image\":{\"@id\":\"https:\/\/wakeparkttom.com\/#\/schema\/logo\/image\/\"}}]}<\/script>\n<!-- \/ Yoast SEO plugin. -->","yoast_head_json":{"title":"Wakeboard - Wakepark TTOM","description":"Benvinguts al Wakepark Ttom, lloc privilegiat a la desembocadura del Riu Ebre al Delta, on podreu gaudir d'una experi\u00e8ncia \u00fanica envoltats de la natura i els impressionants arrossars. Amb el nostre cable 2.0, el m\u00e9s llarg de la pen\u00ednsula, oferim una gran varietat de serveis i activitats per a tots els amants de l'esport, la natura i la diversi\u00f3. Descobreix el wakeboard amb diferents obstacles i fins i tot wakeskate, una experi\u00e8ncia que mai s'acaba. Vine i gaudeix del nostre entorn excepcional.","robots":{"index":"index","follow":"follow","max-snippet":"max-snippet:-1","max-image-preview":"max-image-preview:large","max-video-preview":"max-video-preview:-1"},"canonical":"http:\/\/wakeparkttom.com\/de\/wakeboard\/","og_locale":"de_DE","og_type":"article","og_title":"Wakeboard - Wakepark TTOM","og_description":"Benvinguts al Wakepark Ttom, lloc privilegiat a la desembocadura del Riu Ebre al Delta, on podreu gaudir d'una experi\u00e8ncia \u00fanica envoltats de la natura i els impressionants arrossars. Amb el nostre cable 2.0, el m\u00e9s llarg de la pen\u00ednsula, oferim una gran varietat de serveis i activitats per a tots els amants de l'esport, la natura i la diversi\u00f3. Descobreix el wakeboard amb diferents obstacles i fins i tot wakeskate, una experi\u00e8ncia que mai s'acaba. Vine i gaudeix del nostre entorn excepcional.","og_url":"http:\/\/wakeparkttom.com\/de\/wakeboard\/","og_site_name":"Wakepark TTOM","article_modified_time":"2023-06-09T07:47:40+00:00","og_image":[{"url":"http:\/\/wakeparkttom.com\/wp-content\/uploads\/2023\/05\/photo_2023-04-19_16-57-49-300x207.jpg"}],"twitter_card":"summary_large_image","twitter_misc":{"Gesch\u00e4tzte Lesezeit":"1 Minute"},"schema":{"@context":"https:\/\/schema.org","@graph":[{"@type":"WebPage","@id":"https:\/\/wakeparkttom.com\/wakeboard\/","url":"https:\/\/wakeparkttom.com\/wakeboard\/","name":"Wakeboard - Wakepark TTOM","isPartOf":{"@id":"https:\/\/wakeparkttom.com\/#website"},"datePublished":"2023-05-21T16:24:36+00:00","dateModified":"2023-06-09T07:47:40+00:00","description":"Benvinguts al Wakepark Ttom, lloc privilegiat a la desembocadura del Riu Ebre al Delta, on podreu gaudir d'una experi\u00e8ncia \u00fanica envoltats de la natura i els impressionants arrossars. Amb el nostre cable 2.0, el m\u00e9s llarg de la pen\u00ednsula, oferim una gran varietat de serveis i activitats per a tots els amants de l'esport, la natura i la diversi\u00f3. Descobreix el wakeboard amb diferents obstacles i fins i tot wakeskate, una experi\u00e8ncia que mai s'acaba. Vine i gaudeix del nostre entorn excepcional.","breadcrumb":{"@id":"https:\/\/wakeparkttom.com\/wakeboard\/#breadcrumb"},"inLanguage":"de-DE","potentialAction":[{"@type":"ReadAction","target":["https:\/\/wakeparkttom.com\/wakeboard\/"]}]},{"@type":"BreadcrumbList","@id":"https:\/\/wakeparkttom.com\/wakeboard\/#breadcrumb","itemListElement":[{"@type":"ListItem","position":1,"name":"Home","item":"https:\/\/wakeparkttom.com\/"},{"@type":"ListItem","position":2,"name":"Wakeboard"}]},{"@type":"WebSite","@id":"https:\/\/wakeparkttom.com\/#website","url":"https:\/\/wakeparkttom.com\/","name":"Wakepark TTOM","description":"Esport i diversi\u00f3","publisher":{"@id":"https:\/\/wakeparkttom.com\/#organization"},"potentialAction":[{"@type":"SearchAction","target":{"@type":"EntryPoint","urlTemplate":"https:\/\/wakeparkttom.com\/?s={search_term_string}"},"query-input":"required name=search_term_string"}],"inLanguage":"de-DE"},{"@type":"Organization","@id":"https:\/\/wakeparkttom.com\/#organization","name":"Wakepark Ttom","url":"https:\/\/wakeparkttom.com\/","logo":{"@type":"ImageObject","inLanguage":"de-DE","@id":"https:\/\/wakeparkttom.com\/#\/schema\/logo\/image\/","url":"https:\/\/wakeparkttom.com\/wp-content\/uploads\/2023\/05\/footer-logo.png","contentUrl":"https:\/\/wakeparkttom.com\/wp-content\/uploads\/2023\/05\/footer-logo.png","width":167,"height":138,"caption":"Wakepark Ttom"},"image":{"@id":"https:\/\/wakeparkttom.com\/#\/schema\/logo\/image\/"}}]}},"_links":{"self":[{"href":"http:\/\/wakeparkttom.com\/de\/wp-json\/wp\/v2\/pages\/202"}],"collection":[{"href":"http:\/\/wakeparkttom.com\/de\/wp-json\/wp\/v2\/pages"}],"about":[{"href":"http:\/\/wakeparkttom.com\/de\/wp-json\/wp\/v2\/types\/page"}],"author":[{"embeddable":true,"href":"http:\/\/wakeparkttom.com\/de\/wp-json\/wp\/v2\/users\/4"}],"replies":[{"embeddable":true,"href":"http:\/\/wakeparkttom.com\/de\/wp-json\/wp\/v2\/comments?post=202"}],"version-history":[{"count":101,"href":"http:\/\/wakeparkttom.com\/de\/wp-json\/wp\/v2\/pages\/202\/revisions"}],"predecessor-version":[{"id":1000,"href":"http:\/\/wakeparkttom.com\/de\/wp-json\/wp\/v2\/pages\/202\/revisions\/1000"}],"wp:attachment":[{"href":"http:\/\/wakeparkttom.com\/de\/wp-json\/wp\/v2\/media?parent=202"}],"curies":[{"name":"wp","href":"https:\/\/api.w.org\/{rel}","templated":true}]}}