{"id":238,"date":"2023-05-21T17:12:13","date_gmt":"2023-05-21T17:12:13","guid":{"rendered":"http:\/\/wakeparkttom.com\/?page_id=238"},"modified":"2023-06-09T09:46:53","modified_gmt":"2023-06-09T07:46:53","slug":"team-building","status":"publish","type":"page","link":"http:\/\/wakeparkttom.com\/de\/team-building\/","title":{"rendered":"Teambildung"},"content":{"rendered":"<div data-elementor-type=\"wp-page\" data-elementor-id=\"238\" class=\"elementor elementor-238\" data-elementor-post-type=\"page\">\n\t\t\t\t\t\t\t\t\t<section class=\"elementor-section elementor-top-section elementor-element elementor-element-45549ba elementor-section-height-min-height elementor-section-boxed elementor-section-height-default elementor-section-items-middle\" data-id=\"45549ba\" data-element_type=\"section\" data-settings=\"{&quot;background_background&quot;:&quot;classic&quot;}\">\n\t\t\t\t\t\t\t<div class=\"elementor-background-overlay\"><\/div>\n\t\t\t\t\t\t\t<div class=\"elementor-container elementor-column-gap-default\">\n\t\t\t\t\t<div class=\"elementor-column elementor-col-100 elementor-top-column elementor-element elementor-element-c9fb987\" data-id=\"c9fb987\" data-element_type=\"column\">\n\t\t\t<div class=\"elementor-widget-wrap elementor-element-populated\">\n\t\t\t\t\t\t\t\t<div class=\"elementor-element elementor-element-3f62f77 elementor-widget elementor-widget-heading\" data-id=\"3f62f77\" data-element_type=\"widget\" data-widget_type=\"heading.default\">\n\t\t\t\t<div class=\"elementor-widget-container\">\n\t\t\t<style>\/*! elementor - v3.15.0 - 20-08-2023 *\/\n.elementor-heading-title{padding:0;margin:0;line-height:1}.elementor-widget-heading .elementor-heading-title[class*=elementor-size-]>a{color:inherit;font-size:inherit;line-height:inherit}.elementor-widget-heading .elementor-heading-title.elementor-size-small{font-size:15px}.elementor-widget-heading .elementor-heading-title.elementor-size-medium{font-size:19px}.elementor-widget-heading .elementor-heading-title.elementor-size-large{font-size:29px}.elementor-widget-heading .elementor-heading-title.elementor-size-xl{font-size:39px}.elementor-widget-heading .elementor-heading-title.elementor-size-xxl{font-size:59px}<\/style><h2 class=\"elementor-heading-title elementor-size-default\">Teambildung<\/h2>\t\t<\/div>\n\t\t\t\t<\/div>\n\t\t\t\t\t<\/div>\n\t\t<\/div>\n\t\t\t\t\t\t\t<\/div>\n\t\t<\/section>\n\t\t\t\t<section class=\"elementor-section elementor-top-section elementor-element elementor-element-6ac0a46 elementor-section-boxed elementor-section-height-default elementor-section-height-default\" data-id=\"6ac0a46\" data-element_type=\"section\">\n\t\t\t\t\t\t<div class=\"elementor-container elementor-column-gap-default\">\n\t\t\t\t\t<div class=\"elementor-column elementor-col-100 elementor-top-column elementor-element elementor-element-22d065b\" data-id=\"22d065b\" data-element_type=\"column\">\n\t\t\t<div class=\"elementor-widget-wrap elementor-element-populated\">\n\t\t\t\t\t\t\t\t<div class=\"elementor-element elementor-element-1c9570a elementor-widget elementor-widget-text-editor\" data-id=\"1c9570a\" data-element_type=\"widget\" data-widget_type=\"text-editor.default\">\n\t\t\t\t<div class=\"elementor-widget-container\">\n\t\t\t<style>\/*! elementor - v3.15.0 - 20-08-2023 *\/\n.elementor-widget-text-editor.elementor-drop-cap-view-stacked .elementor-drop-cap{background-color:#69727d;color:#fff}.elementor-widget-text-editor.elementor-drop-cap-view-framed .elementor-drop-cap{color:#69727d;border:3px solid;background-color:transparent}.elementor-widget-text-editor:not(.elementor-drop-cap-view-default) .elementor-drop-cap{margin-top:8px}.elementor-widget-text-editor:not(.elementor-drop-cap-view-default) .elementor-drop-cap-letter{width:1em;height:1em}.elementor-widget-text-editor .elementor-drop-cap{float:left;text-align:center;line-height:1;font-size:50px}.elementor-widget-text-editor .elementor-drop-cap-letter{display:inline-block}<\/style>\t\t\t\t<p>Schaffen Sie ein personalisiertes Erlebnis f\u00fcr Ihr Unternehmen und f\u00f6rdern Sie den Zusammenhalt Ihres Teams durch Sport und Spa\u00df!<\/p><p>Wir bieten eine Vielzahl von Aktivit\u00e4ten an, darunter:<\/p>\t\t\t\t\t\t<\/div>\n\t\t\t\t<\/div>\n\t\t\t\t<section class=\"elementor-section elementor-inner-section elementor-element elementor-element-6ba44cd elementor-section-boxed elementor-section-height-default elementor-section-height-default\" data-id=\"6ba44cd\" data-element_type=\"section\">\n\t\t\t\t\t\t<div class=\"elementor-container elementor-column-gap-default\">\n\t\t\t\t\t<div class=\"elementor-column elementor-col-50 elementor-inner-column elementor-element elementor-element-85d8621\" data-id=\"85d8621\" data-element_type=\"column\">\n\t\t\t<div class=\"elementor-widget-wrap elementor-element-populated\">\n\t\t\t\t\t\t\t\t<div class=\"elementor-element elementor-element-671a607 elementor-widget elementor-widget-image\" data-id=\"671a607\" data-element_type=\"widget\" data-widget_type=\"image.default\">\n\t\t\t\t<div class=\"elementor-widget-container\">\n\t\t\t<style>\/*! elementor - v3.15.0 - 20-08-2023 *\/\n.elementor-widget-image{text-align:center}.elementor-widget-image a{display:inline-block}.elementor-widget-image a img[src$=\".svg\"]{width:48px}.elementor-widget-image img{vertical-align:middle;display:inline-block}<\/style>\t\t\t\t\t\t\t\t\t\t\t\t<img decoding=\"async\" loading=\"lazy\" width=\"2560\" height=\"1707\" src=\"https:\/\/i0.wp.com\/wakeparkttom.com\/wp-content\/uploads\/2023\/05\/IMG_5316-scaled.jpg?fit=2560%2C1707&amp;ssl=1\" class=\"attachment-full size-full wp-image-707\" alt=\"\" srcset=\"https:\/\/i0.wp.com\/wakeparkttom.com\/wp-content\/uploads\/2023\/05\/IMG_5316-scaled.jpg?w=2560&amp;ssl=1 2560w, https:\/\/i0.wp.com\/wakeparkttom.com\/wp-content\/uploads\/2023\/05\/IMG_5316-scaled.jpg?resize=300%2C200&amp;ssl=1 300w, https:\/\/i0.wp.com\/wakeparkttom.com\/wp-content\/uploads\/2023\/05\/IMG_5316-scaled.jpg?resize=1024%2C683&amp;ssl=1 1024w, https:\/\/i0.wp.com\/wakeparkttom.com\/wp-content\/uploads\/2023\/05\/IMG_5316-scaled.jpg?resize=768%2C512&amp;ssl=1 768w, https:\/\/i0.wp.com\/wakeparkttom.com\/wp-content\/uploads\/2023\/05\/IMG_5316-scaled.jpg?resize=1536%2C1024&amp;ssl=1 1536w, https:\/\/i0.wp.com\/wakeparkttom.com\/wp-content\/uploads\/2023\/05\/IMG_5316-scaled.jpg?w=1600&amp;ssl=1 1600w, https:\/\/i0.wp.com\/wakeparkttom.com\/wp-content\/uploads\/2023\/05\/IMG_5316-scaled.jpg?w=2400&amp;ssl=1 2400w\" sizes=\"(max-width: 800px) 100vw, 800px\" \/>\t\t\t\t\t\t\t\t\t\t\t\t\t\t\t<\/div>\n\t\t\t\t<\/div>\n\t\t\t\t\t<\/div>\n\t\t<\/div>\n\t\t\t\t<div class=\"elementor-column elementor-col-50 elementor-inner-column elementor-element elementor-element-67be658\" data-id=\"67be658\" data-element_type=\"column\">\n\t\t\t<div class=\"elementor-widget-wrap elementor-element-populated\">\n\t\t\t\t\t\t\t\t<div class=\"elementor-element elementor-element-683c39a elementor-widget elementor-widget-text-editor\" data-id=\"683c39a\" data-element_type=\"widget\" data-widget_type=\"text-editor.default\">\n\t\t\t\t<div class=\"elementor-widget-container\">\n\t\t\t\t\t\t\t<ul>\n<li>Wakeboarden<\/li>\n<li>Kenntnis des Territoriums<\/li>\n<li><span style=\"background-color: transparent;color: var( --e-global-color-text );font-family: var( --e-global-typography-text-font-family ), Sans-serif;font-weight: var( --e-global-typography-text-font-weight )\">Fahrradrouten und Ausfl\u00fcge<\/span><\/li><li><span style=\"background-color: transparent;color: var( --e-global-color-text );font-family: var( --e-global-typography-text-font-family ), Sans-serif;font-weight: var( --e-global-typography-text-font-weight )\">Kajakroute entlang des Flusses Ebro<\/span><br><\/li>\n<li>Bootsfahrt<\/li>\n<li>Verkostung lokaler Produkte<\/li>\n<li>Weinproben<\/li>\n<li>Einzel- und Gruppenarbeit<\/li>\n<li>Coaching<\/li>\n<li>Lachtherapie<\/li>\n<li>Systemische Bewegung<\/li>\n<li>Yoga<\/li>\n<\/ul>\t\t\t\t\t\t<\/div>\n\t\t\t\t<\/div>\n\t\t\t\t\t<\/div>\n\t\t<\/div>\n\t\t\t\t\t\t\t<\/div>\n\t\t<\/section>\n\t\t\t\t<div class=\"elementor-element elementor-element-e7abb96 elementor-widget elementor-widget-text-editor\" data-id=\"e7abb96\" data-element_type=\"widget\" data-widget_type=\"text-editor.default\">\n\t\t\t\t<div class=\"elementor-widget-container\">\n\t\t\t\t\t\t\t<p>Alle Aktivit\u00e4ten richten sich an Unternehmen, die die Kommunikation, Organisation und Teammotivation verbessern und einen abwechslungsreichen und unvergesslichen Tag verbringen m\u00f6chten. Kontaktieren Sie uns f\u00fcr weitere Informationen und Reservierungen.<\/p>\t\t\t\t\t\t<\/div>\n\t\t\t\t<\/div>\n\t\t\t\t\t<\/div>\n\t\t<\/div>\n\t\t\t\t\t\t\t<\/div>\n\t\t<\/section>\n\t\t\t\t\t\t\t<\/div>","protected":false},"excerpt":{"rendered":"<p>Team Building Crea una experi\u00e8ncia personalitzada per a la teva empresa i fomenta la uni\u00f3 del teu equip a trav\u00e9s de l&#8217;esport i la diversi\u00f3! Oferim una gran varietat d&#8217;activitats, entre les quals es troben: Wakeboarding Coneixement del territori Rutes i excursions amb bici Ruta en caiac pel Riu Ebre Passeig en barca Degustaci\u00f3 de [&hellip;]<\/p>","protected":false},"author":4,"featured_media":0,"parent":0,"menu_order":0,"comment_status":"closed","ping_status":"closed","template":"","meta":{"om_disable_all_campaigns":false,"footnotes":"","_joinchat":[]},"yoast_head":"<!-- This site is optimized with the Yoast SEO plugin v21.1 - https:\/\/yoast.com\/wordpress\/plugins\/seo\/ -->\n<title>Team Building - Wakepark TTOM<\/title>\n<meta name=\"description\" content=\"Crea una experi\u00e8ncia personalitzada per a la teva empresa al Wakepark, fomentant la uni\u00f3 i la motivaci\u00f3 de l&#039;equip a trav\u00e9s de l&#039;esport i la diversi\u00f3. Des del wakeboarding fins a rutes en bici, excursions en caiac i m\u00e9s, oferim una gran varietat d&#039;activitats que milloraran la comunicaci\u00f3 i l&#039;organitzaci\u00f3 de l&#039;equip. Descobreix tamb\u00e9 el coneixement del territori, tasts de vins i altres activitats per a una jornada inoblidable. Contacta&#039;ns per obtenir m\u00e9s informaci\u00f3 i realitzar les teves reserves.\" \/>\n<meta name=\"robots\" content=\"index, follow, max-snippet:-1, max-image-preview:large, max-video-preview:-1\" \/>\n<link rel=\"canonical\" href=\"http:\/\/wakeparkttom.com\/de\/team-building\/\" \/>\n<meta property=\"og:locale\" content=\"de_DE\" \/>\n<meta property=\"og:type\" content=\"article\" \/>\n<meta property=\"og:title\" content=\"Team Building - Wakepark TTOM\" \/>\n<meta property=\"og:description\" content=\"Crea una experi\u00e8ncia personalitzada per a la teva empresa al Wakepark, fomentant la uni\u00f3 i la motivaci\u00f3 de l&#039;equip a trav\u00e9s de l&#039;esport i la diversi\u00f3. Des del wakeboarding fins a rutes en bici, excursions en caiac i m\u00e9s, oferim una gran varietat d&#039;activitats que milloraran la comunicaci\u00f3 i l&#039;organitzaci\u00f3 de l&#039;equip. Descobreix tamb\u00e9 el coneixement del territori, tasts de vins i altres activitats per a una jornada inoblidable. Contacta&#039;ns per obtenir m\u00e9s informaci\u00f3 i realitzar les teves reserves.\" \/>\n<meta property=\"og:url\" content=\"http:\/\/wakeparkttom.com\/de\/team-building\/\" \/>\n<meta property=\"og:site_name\" content=\"Wakepark TTOM\" \/>\n<meta property=\"article:modified_time\" content=\"2023-06-09T07:46:53+00:00\" \/>\n<meta property=\"og:image\" content=\"http:\/\/wakeparkttom.com\/wp-content\/uploads\/2023\/05\/IMG_5316-scaled.jpg\" \/>\n<meta name=\"twitter:card\" content=\"summary_large_image\" \/>\n<meta name=\"twitter:label1\" content=\"Gesch\u00e4tzte Lesezeit\" \/>\n\t<meta name=\"twitter:data1\" content=\"1 Minute\" \/>\n<script type=\"application\/ld+json\" class=\"yoast-schema-graph\">{\"@context\":\"https:\/\/schema.org\",\"@graph\":[{\"@type\":\"WebPage\",\"@id\":\"https:\/\/wakeparkttom.com\/team-building\/\",\"url\":\"https:\/\/wakeparkttom.com\/team-building\/\",\"name\":\"Team Building - Wakepark TTOM\",\"isPartOf\":{\"@id\":\"https:\/\/wakeparkttom.com\/#website\"},\"datePublished\":\"2023-05-21T17:12:13+00:00\",\"dateModified\":\"2023-06-09T07:46:53+00:00\",\"description\":\"Crea una experi\u00e8ncia personalitzada per a la teva empresa al Wakepark, fomentant la uni\u00f3 i la motivaci\u00f3 de l'equip a trav\u00e9s de l'esport i la diversi\u00f3. Des del wakeboarding fins a rutes en bici, excursions en caiac i m\u00e9s, oferim una gran varietat d'activitats que milloraran la comunicaci\u00f3 i l'organitzaci\u00f3 de l'equip. Descobreix tamb\u00e9 el coneixement del territori, tasts de vins i altres activitats per a una jornada inoblidable. Contacta'ns per obtenir m\u00e9s informaci\u00f3 i realitzar les teves reserves.\",\"breadcrumb\":{\"@id\":\"https:\/\/wakeparkttom.com\/team-building\/#breadcrumb\"},\"inLanguage\":\"de-DE\",\"potentialAction\":[{\"@type\":\"ReadAction\",\"target\":[\"https:\/\/wakeparkttom.com\/team-building\/\"]}]},{\"@type\":\"BreadcrumbList\",\"@id\":\"https:\/\/wakeparkttom.com\/team-building\/#breadcrumb\",\"itemListElement\":[{\"@type\":\"ListItem\",\"position\":1,\"name\":\"Home\",\"item\":\"https:\/\/wakeparkttom.com\/\"},{\"@type\":\"ListItem\",\"position\":2,\"name\":\"Team Building\"}]},{\"@type\":\"WebSite\",\"@id\":\"https:\/\/wakeparkttom.com\/#website\",\"url\":\"https:\/\/wakeparkttom.com\/\",\"name\":\"Wakepark TTOM\",\"description\":\"Esport i diversi\u00f3\",\"publisher\":{\"@id\":\"https:\/\/wakeparkttom.com\/#organization\"},\"potentialAction\":[{\"@type\":\"SearchAction\",\"target\":{\"@type\":\"EntryPoint\",\"urlTemplate\":\"https:\/\/wakeparkttom.com\/?s={search_term_string}\"},\"query-input\":\"required name=search_term_string\"}],\"inLanguage\":\"de-DE\"},{\"@type\":\"Organization\",\"@id\":\"https:\/\/wakeparkttom.com\/#organization\",\"name\":\"Wakepark Ttom\",\"url\":\"https:\/\/wakeparkttom.com\/\",\"logo\":{\"@type\":\"ImageObject\",\"inLanguage\":\"de-DE\",\"@id\":\"https:\/\/wakeparkttom.com\/#\/schema\/logo\/image\/\",\"url\":\"https:\/\/wakeparkttom.com\/wp-content\/uploads\/2023\/05\/footer-logo.png\",\"contentUrl\":\"https:\/\/wakeparkttom.com\/wp-content\/uploads\/2023\/05\/footer-logo.png\",\"width\":167,\"height\":138,\"caption\":\"Wakepark Ttom\"},\"image\":{\"@id\":\"https:\/\/wakeparkttom.com\/#\/schema\/logo\/image\/\"}}]}<\/script>\n<!-- \/ Yoast SEO plugin. -->","yoast_head_json":{"title":"Team Building - Wakepark TTOM","description":"Crea una experi\u00e8ncia personalitzada per a la teva empresa al Wakepark, fomentant la uni\u00f3 i la motivaci\u00f3 de l'equip a trav\u00e9s de l'esport i la diversi\u00f3. Des del wakeboarding fins a rutes en bici, excursions en caiac i m\u00e9s, oferim una gran varietat d'activitats que milloraran la comunicaci\u00f3 i l'organitzaci\u00f3 de l'equip. Descobreix tamb\u00e9 el coneixement del territori, tasts de vins i altres activitats per a una jornada inoblidable. Contacta'ns per obtenir m\u00e9s informaci\u00f3 i realitzar les teves reserves.","robots":{"index":"index","follow":"follow","max-snippet":"max-snippet:-1","max-image-preview":"max-image-preview:large","max-video-preview":"max-video-preview:-1"},"canonical":"http:\/\/wakeparkttom.com\/de\/team-building\/","og_locale":"de_DE","og_type":"article","og_title":"Team Building - Wakepark TTOM","og_description":"Crea una experi\u00e8ncia personalitzada per a la teva empresa al Wakepark, fomentant la uni\u00f3 i la motivaci\u00f3 de l'equip a trav\u00e9s de l'esport i la diversi\u00f3. Des del wakeboarding fins a rutes en bici, excursions en caiac i m\u00e9s, oferim una gran varietat d'activitats que milloraran la comunicaci\u00f3 i l'organitzaci\u00f3 de l'equip. Descobreix tamb\u00e9 el coneixement del territori, tasts de vins i altres activitats per a una jornada inoblidable. Contacta'ns per obtenir m\u00e9s informaci\u00f3 i realitzar les teves reserves.","og_url":"http:\/\/wakeparkttom.com\/de\/team-building\/","og_site_name":"Wakepark TTOM","article_modified_time":"2023-06-09T07:46:53+00:00","og_image":[{"url":"http:\/\/wakeparkttom.com\/wp-content\/uploads\/2023\/05\/IMG_5316-scaled.jpg"}],"twitter_card":"summary_large_image","twitter_misc":{"Gesch\u00e4tzte Lesezeit":"1 Minute"},"schema":{"@context":"https:\/\/schema.org","@graph":[{"@type":"WebPage","@id":"https:\/\/wakeparkttom.com\/team-building\/","url":"https:\/\/wakeparkttom.com\/team-building\/","name":"Team Building - Wakepark TTOM","isPartOf":{"@id":"https:\/\/wakeparkttom.com\/#website"},"datePublished":"2023-05-21T17:12:13+00:00","dateModified":"2023-06-09T07:46:53+00:00","description":"Crea una experi\u00e8ncia personalitzada per a la teva empresa al Wakepark, fomentant la uni\u00f3 i la motivaci\u00f3 de l'equip a trav\u00e9s de l'esport i la diversi\u00f3. Des del wakeboarding fins a rutes en bici, excursions en caiac i m\u00e9s, oferim una gran varietat d'activitats que milloraran la comunicaci\u00f3 i l'organitzaci\u00f3 de l'equip. Descobreix tamb\u00e9 el coneixement del territori, tasts de vins i altres activitats per a una jornada inoblidable. Contacta'ns per obtenir m\u00e9s informaci\u00f3 i realitzar les teves reserves.","breadcrumb":{"@id":"https:\/\/wakeparkttom.com\/team-building\/#breadcrumb"},"inLanguage":"de-DE","potentialAction":[{"@type":"ReadAction","target":["https:\/\/wakeparkttom.com\/team-building\/"]}]},{"@type":"BreadcrumbList","@id":"https:\/\/wakeparkttom.com\/team-building\/#breadcrumb","itemListElement":[{"@type":"ListItem","position":1,"name":"Home","item":"https:\/\/wakeparkttom.com\/"},{"@type":"ListItem","position":2,"name":"Team Building"}]},{"@type":"WebSite","@id":"https:\/\/wakeparkttom.com\/#website","url":"https:\/\/wakeparkttom.com\/","name":"Wakepark TTOM","description":"Esport i diversi\u00f3","publisher":{"@id":"https:\/\/wakeparkttom.com\/#organization"},"potentialAction":[{"@type":"SearchAction","target":{"@type":"EntryPoint","urlTemplate":"https:\/\/wakeparkttom.com\/?s={search_term_string}"},"query-input":"required name=search_term_string"}],"inLanguage":"de-DE"},{"@type":"Organization","@id":"https:\/\/wakeparkttom.com\/#organization","name":"Wakepark Ttom","url":"https:\/\/wakeparkttom.com\/","logo":{"@type":"ImageObject","inLanguage":"de-DE","@id":"https:\/\/wakeparkttom.com\/#\/schema\/logo\/image\/","url":"https:\/\/wakeparkttom.com\/wp-content\/uploads\/2023\/05\/footer-logo.png","contentUrl":"https:\/\/wakeparkttom.com\/wp-content\/uploads\/2023\/05\/footer-logo.png","width":167,"height":138,"caption":"Wakepark Ttom"},"image":{"@id":"https:\/\/wakeparkttom.com\/#\/schema\/logo\/image\/"}}]}},"_links":{"self":[{"href":"http:\/\/wakeparkttom.com\/de\/wp-json\/wp\/v2\/pages\/238"}],"collection":[{"href":"http:\/\/wakeparkttom.com\/de\/wp-json\/wp\/v2\/pages"}],"about":[{"href":"http:\/\/wakeparkttom.com\/de\/wp-json\/wp\/v2\/types\/page"}],"author":[{"embeddable":true,"href":"http:\/\/wakeparkttom.com\/de\/wp-json\/wp\/v2\/users\/4"}],"replies":[{"embeddable":true,"href":"http:\/\/wakeparkttom.com\/de\/wp-json\/wp\/v2\/comments?post=238"}],"version-history":[{"count":77,"href":"http:\/\/wakeparkttom.com\/de\/wp-json\/wp\/v2\/pages\/238\/revisions"}],"predecessor-version":[{"id":999,"href":"http:\/\/wakeparkttom.com\/de\/wp-json\/wp\/v2\/pages\/238\/revisions\/999"}],"wp:attachment":[{"href":"http:\/\/wakeparkttom.com\/de\/wp-json\/wp\/v2\/media?parent=238"}],"curies":[{"name":"wp","href":"https:\/\/api.w.org\/{rel}","templated":true}]}}