{"id":24,"date":"2023-05-21T07:32:13","date_gmt":"2023-05-21T05:32:13","guid":{"rendered":"http:\/\/wakeparkttom.com\/?page_id=24"},"modified":"2024-09-16T10:46:15","modified_gmt":"2024-09-16T08:46:15","slug":"contacte","status":"publish","type":"page","link":"http:\/\/wakeparkttom.com\/es\/contacte\/","title":{"rendered":"Contacto"},"content":{"rendered":"<div data-elementor-type=\"wp-page\" data-elementor-id=\"24\" class=\"elementor elementor-24\" data-elementor-post-type=\"page\">\n\t\t\t\t\t\t\t\t\t<section class=\"elementor-section elementor-top-section elementor-element elementor-element-63866fc elementor-section-boxed elementor-section-height-default elementor-section-height-default\" data-id=\"63866fc\" data-element_type=\"section\">\n\t\t\t\t\t\t<div class=\"elementor-container elementor-column-gap-default\">\n\t\t\t\t\t<div class=\"elementor-column elementor-col-100 elementor-top-column elementor-element elementor-element-ef55f3f\" data-id=\"ef55f3f\" data-element_type=\"column\">\n\t\t\t<div class=\"elementor-widget-wrap elementor-element-populated\">\n\t\t\t\t\t\t\t\t<div class=\"elementor-element elementor-element-711305c elementor-widget elementor-widget-heading\" data-id=\"711305c\" data-element_type=\"widget\" data-widget_type=\"heading.default\">\n\t\t\t\t<div class=\"elementor-widget-container\">\n\t\t\t<style>\/*! elementor - v3.15.0 - 20-08-2023 *\/\n.elementor-heading-title{padding:0;margin:0;line-height:1}.elementor-widget-heading .elementor-heading-title[class*=elementor-size-]>a{color:inherit;font-size:inherit;line-height:inherit}.elementor-widget-heading .elementor-heading-title.elementor-size-small{font-size:15px}.elementor-widget-heading .elementor-heading-title.elementor-size-medium{font-size:19px}.elementor-widget-heading .elementor-heading-title.elementor-size-large{font-size:29px}.elementor-widget-heading .elementor-heading-title.elementor-size-xl{font-size:39px}.elementor-widget-heading .elementor-heading-title.elementor-size-xxl{font-size:59px}<\/style><h2 class=\"elementor-heading-title elementor-size-default\">Contacto<\/h2>\t\t<\/div>\n\t\t\t\t<\/div>\n\t\t\t\t\t<\/div>\n\t\t<\/div>\n\t\t\t\t\t\t\t<\/div>\n\t\t<\/section>\n\t\t\t\t<section class=\"elementor-section elementor-top-section elementor-element elementor-element-edf8901 elementor-section-boxed elementor-section-height-default elementor-section-height-default\" data-id=\"edf8901\" data-element_type=\"section\">\n\t\t\t\t\t\t<div class=\"elementor-container elementor-column-gap-default\">\n\t\t\t\t\t<div class=\"elementor-column elementor-col-50 elementor-top-column elementor-element elementor-element-8f59fd2\" data-id=\"8f59fd2\" data-element_type=\"column\">\n\t\t\t<div class=\"elementor-widget-wrap elementor-element-populated\">\n\t\t\t\t\t\t\t\t<div class=\"elementor-element elementor-element-18ae632 elementor-widget elementor-widget-text-editor\" data-id=\"18ae632\" data-element_type=\"widget\" data-widget_type=\"text-editor.default\">\n\t\t\t\t<div class=\"elementor-widget-container\">\n\t\t\t<style>\/*! elementor - v3.15.0 - 20-08-2023 *\/\n.elementor-widget-text-editor.elementor-drop-cap-view-stacked .elementor-drop-cap{background-color:#69727d;color:#fff}.elementor-widget-text-editor.elementor-drop-cap-view-framed .elementor-drop-cap{color:#69727d;border:3px solid;background-color:transparent}.elementor-widget-text-editor:not(.elementor-drop-cap-view-default) .elementor-drop-cap{margin-top:8px}.elementor-widget-text-editor:not(.elementor-drop-cap-view-default) .elementor-drop-cap-letter{width:1em;height:1em}.elementor-widget-text-editor .elementor-drop-cap{float:left;text-align:center;line-height:1;font-size:50px}.elementor-widget-text-editor .elementor-drop-cap-letter{display:inline-block}<\/style>\t\t\t\t<p>El Wakeboard es un deporte para todos, desde ni\u00f1os y ni\u00f1as hasta personas adultas de todas las edades.<\/p><p>Recomendamos reservar antes de venir.<\/p><h5><strong>\u00a1POR LAS RESERVAS TRABAJAMOS FUERA DE HORARIO!<\/strong><\/h5><p><span style=\"color: var( --e-global-color-text );font-family: var( --e-global-typography-text-font-family ), Sans-serif;font-size: var( --e-global-typography-text-font-size );font-weight: var( --e-global-typography-text-font-weight )\">\u00a1Cons\u00faltanos disponibilidad!<\/span><\/p>\t\t\t\t\t\t<\/div>\n\t\t\t\t<\/div>\n\t\t\t\t<div class=\"elementor-element elementor-element-6578ff6 elementor-widget elementor-widget-heading\" data-id=\"6578ff6\" data-element_type=\"widget\" data-widget_type=\"heading.default\">\n\t\t\t\t<div class=\"elementor-widget-container\">\n\t\t\t<h3 class=\"elementor-heading-title elementor-size-default\">localizaci\u00f3n<\/h3>\t\t<\/div>\n\t\t\t\t<\/div>\n\t\t\t\t<div class=\"elementor-element elementor-element-e78e859 elementor-list-item-link-inline elementor-widget__width-auto elementor-icon-list--layout-traditional elementor-widget elementor-widget-icon-list\" data-id=\"e78e859\" data-element_type=\"widget\" data-widget_type=\"icon-list.default\">\n\t\t\t\t<div class=\"elementor-widget-container\">\n\t\t\t<link rel=\"stylesheet\" href=\"https:\/\/wakeparkttom.com\/wp-content\/plugins\/elementor\/assets\/css\/widget-icon-list.min.css\">\t\t<ul class=\"elementor-icon-list-items\">\n\t\t\t\t\t\t\t<li class=\"elementor-icon-list-item\">\n\t\t\t\t\t\t\t\t\t\t\t<a href=\"https:\/\/goo.gl\/maps\/3HbKPYCjkhCgZnvH9\" target=\"_blank\">\n\n\t\t\t\t\t\t\t\t\t\t\t\t<span class=\"elementor-icon-list-icon\">\n\t\t\t\t\t\t\t<i aria-hidden=\"true\" class=\"fas fa-location-arrow\"><\/i>\t\t\t\t\t\t<\/span>\n\t\t\t\t\t\t\t\t\t\t<span class=\"elementor-icon-list-text\">Crta. Venta Nova-Far de Buda, s\/n. CD 118 RIUMAR 43580 Deltebre<\/span>\n\t\t\t\t\t\t\t\t\t\t\t<\/a>\n\t\t\t\t\t\t\t\t\t<\/li>\n\t\t\t\t\t\t<\/ul>\n\t\t\t\t<\/div>\n\t\t\t\t<\/div>\n\t\t\t\t<div class=\"elementor-element elementor-element-f4a8b86 elementor-widget elementor-widget-heading\" data-id=\"f4a8b86\" data-element_type=\"widget\" data-widget_type=\"heading.default\">\n\t\t\t\t<div class=\"elementor-widget-container\">\n\t\t\t<h3 class=\"elementor-heading-title elementor-size-default\">TEL \/ WhatsApp<\/h3>\t\t<\/div>\n\t\t\t\t<\/div>\n\t\t\t\t<div class=\"elementor-element elementor-element-ffa5155 elementor-list-item-link-inline elementor-widget__width-auto elementor-icon-list--layout-traditional elementor-widget elementor-widget-icon-list\" data-id=\"ffa5155\" data-element_type=\"widget\" data-widget_type=\"icon-list.default\">\n\t\t\t\t<div class=\"elementor-widget-container\">\n\t\t\t\t\t<ul class=\"elementor-icon-list-items\">\n\t\t\t\t\t\t\t<li class=\"elementor-icon-list-item\">\n\t\t\t\t\t\t\t\t\t\t\t<a href=\"tel: 34621008860\" target=\"_blank\">\n\n\t\t\t\t\t\t\t\t\t\t\t\t<span class=\"elementor-icon-list-icon\">\n\t\t\t\t\t\t\t<i aria-hidden=\"true\" class=\"fas fa-phone-square-alt\"><\/i>\t\t\t\t\t\t<\/span>\n\t\t\t\t\t\t\t\t\t\t<span class=\"elementor-icon-list-text\">+34 621 008 860 <\/span>\n\t\t\t\t\t\t\t\t\t\t\t<\/a>\n\t\t\t\t\t\t\t\t\t<\/li>\n\t\t\t\t\t\t<\/ul>\n\t\t\t\t<\/div>\n\t\t\t\t<\/div>\n\t\t\t\t<div class=\"elementor-element elementor-element-06e5477 elementor-widget elementor-widget-heading\" data-id=\"06e5477\" data-element_type=\"widget\" data-widget_type=\"heading.default\">\n\t\t\t\t<div class=\"elementor-widget-container\">\n\t\t\t<h3 class=\"elementor-heading-title elementor-size-default\">mail<\/h3>\t\t<\/div>\n\t\t\t\t<\/div>\n\t\t\t\t<div class=\"elementor-element elementor-element-34f713a elementor-list-item-link-inline elementor-widget__width-auto elementor-icon-list--layout-traditional elementor-widget elementor-widget-icon-list\" data-id=\"34f713a\" data-element_type=\"widget\" data-widget_type=\"icon-list.default\">\n\t\t\t\t<div class=\"elementor-widget-container\">\n\t\t\t\t\t<ul class=\"elementor-icon-list-items\">\n\t\t\t\t\t\t\t<li class=\"elementor-icon-list-item\">\n\t\t\t\t\t\t\t\t\t\t\t<a href=\"mailto:info@wakeparkttom.com\" target=\"_blank\">\n\n\t\t\t\t\t\t\t\t\t\t\t\t<span class=\"elementor-icon-list-icon\">\n\t\t\t\t\t\t\t<i aria-hidden=\"true\" class=\"far fa-envelope\"><\/i>\t\t\t\t\t\t<\/span>\n\t\t\t\t\t\t\t\t\t\t<span class=\"elementor-icon-list-text\">info@wakeparkttom.com<\/span>\n\t\t\t\t\t\t\t\t\t\t\t<\/a>\n\t\t\t\t\t\t\t\t\t<\/li>\n\t\t\t\t\t\t<\/ul>\n\t\t\t\t<\/div>\n\t\t\t\t<\/div>\n\t\t\t\t<div class=\"elementor-element elementor-element-7afbd49 elementor-widget elementor-widget-heading\" data-id=\"7afbd49\" data-element_type=\"widget\" data-widget_type=\"heading.default\">\n\t\t\t\t<div class=\"elementor-widget-container\">\n\t\t\t<h3 class=\"elementor-heading-title elementor-size-default\">HORARIO<\/h3>\t\t<\/div>\n\t\t\t\t<\/div>\n\t\t\t\t<div class=\"elementor-element elementor-element-7190409 elementor-list-item-link-inline elementor-widget__width-auto elementor-icon-list--layout-traditional elementor-widget elementor-widget-icon-list\" data-id=\"7190409\" data-element_type=\"widget\" data-widget_type=\"icon-list.default\">\n\t\t\t\t<div class=\"elementor-widget-container\">\n\t\t\t\t\t<ul class=\"elementor-icon-list-items\">\n\t\t\t\t\t\t\t<li class=\"elementor-icon-list-item\">\n\t\t\t\t\t\t\t\t\t\t\t<span class=\"elementor-icon-list-icon\">\n\t\t\t\t\t\t\t<i aria-hidden=\"true\" class=\"far fa-hourglass\"><\/i>\t\t\t\t\t\t<\/span>\n\t\t\t\t\t\t\t\t\t\t<span class=\"elementor-icon-list-text\">10:30 a 13:30 - 15:30 a 20:00<\/span>\n\t\t\t\t\t\t\t\t\t<\/li>\n\t\t\t\t\t\t<\/ul>\n\t\t\t\t<\/div>\n\t\t\t\t<\/div>\n\t\t\t\t\t<\/div>\n\t\t<\/div>\n\t\t\t\t<div class=\"elementor-column elementor-col-50 elementor-top-column elementor-element elementor-element-07db197\" data-id=\"07db197\" data-element_type=\"column\">\n\t\t\t<div class=\"elementor-widget-wrap elementor-element-populated\">\n\t\t\t\t\t\t\t\t<div class=\"elementor-element elementor-element-2185d14 elementor-widget elementor-widget-google_maps\" data-id=\"2185d14\" data-element_type=\"widget\" data-widget_type=\"google_maps.default\">\n\t\t\t\t<div class=\"elementor-widget-container\">\n\t\t\t<style>\/*! elementor - v3.15.0 - 20-08-2023 *\/\n.elementor-widget-google_maps .elementor-widget-container{overflow:hidden}.elementor-widget-google_maps .elementor-custom-embed{line-height:0}.elementor-widget-google_maps iframe{height:300px}<\/style>\t\t<div class=\"elementor-custom-embed\">\n\t\t\t<iframe loading=\"lazy\"\n\t\t\t\t\tsrc=\"https:\/\/maps.google.com\/maps?q=Wakepark%20TTom&#038;t=m&#038;z=10&#038;output=embed&#038;iwloc=near\"\n\t\t\t\t\ttitle=\"Wakepark TTom\"\n\t\t\t\t\taria-label=\"Wakepark TTom\"\n\t\t\t><\/iframe>\n\t\t<\/div>\n\t\t\t\t<\/div>\n\t\t\t\t<\/div>\n\t\t\t\t\t<\/div>\n\t\t<\/div>\n\t\t\t\t\t\t\t<\/div>\n\t\t<\/section>\n\t\t\t\t\t\t\t<\/div>","protected":false},"excerpt":{"rendered":"<p>Contacte El wakeboard \u00e9s un esport per a tothom, des de nens i nenes petits fins a persones adultes de totes les edats. Recomanem reservar abans de vindre. \u00a1PER LES RESERVES TREBALLEM FORA D&#8217;HORARI! Consulta&#8217;ns disponibilitat! localitzaci\u00f3 Crta. Venta Nova-Far de Buda, s\/n. CD 118 RIUMAR 43580 Deltebre TEL \/ WhatsApp +34 621 008 860 [&hellip;]<\/p>","protected":false},"author":4,"featured_media":0,"parent":0,"menu_order":0,"comment_status":"closed","ping_status":"closed","template":"","meta":{"om_disable_all_campaigns":false,"footnotes":"","_joinchat":[]},"yoast_head":"<!-- This site is optimized with the Yoast SEO plugin v21.1 - https:\/\/yoast.com\/wordpress\/plugins\/seo\/ -->\n<title>Contacte - Wakepark TTOM<\/title>\n<meta name=\"description\" content=\"Contacta amb el Wakepark Ttom per a reservar la teva sessi\u00f3 de wakeboard. Amb horaris flexibles i disponibilitat fora d&#039;horari, estarem encantats d&#039;atendre&#039;t. Troba&#039;ns a la localitzaci\u00f3 CD 118 RIUMAR 43580 Deltebre i posa&#039;t en contacte a trav\u00e9s del tel\u00e8fon\/WhatsApp 621 008 860 o correu electr\u00f2nic wakepark.ttom@hotmail.com. Aprofita l&#039;oportunitat d&#039;experimentar l&#039;emoci\u00f3 del wakeboard amb nosaltres.\" \/>\n<meta name=\"robots\" content=\"index, follow, max-snippet:-1, max-image-preview:large, max-video-preview:-1\" \/>\n<link rel=\"canonical\" href=\"http:\/\/wakeparkttom.com\/es\/contacte\/\" \/>\n<meta property=\"og:locale\" content=\"es_ES\" \/>\n<meta property=\"og:type\" content=\"article\" \/>\n<meta property=\"og:title\" content=\"Contacte - Wakepark TTOM\" \/>\n<meta property=\"og:description\" content=\"Contacta amb el Wakepark Ttom per a reservar la teva sessi\u00f3 de wakeboard. Amb horaris flexibles i disponibilitat fora d&#039;horari, estarem encantats d&#039;atendre&#039;t. Troba&#039;ns a la localitzaci\u00f3 CD 118 RIUMAR 43580 Deltebre i posa&#039;t en contacte a trav\u00e9s del tel\u00e8fon\/WhatsApp 621 008 860 o correu electr\u00f2nic wakepark.ttom@hotmail.com. Aprofita l&#039;oportunitat d&#039;experimentar l&#039;emoci\u00f3 del wakeboard amb nosaltres.\" \/>\n<meta property=\"og:url\" content=\"http:\/\/wakeparkttom.com\/es\/contacte\/\" \/>\n<meta property=\"og:site_name\" content=\"Wakepark TTOM\" \/>\n<meta property=\"article:modified_time\" content=\"2024-09-16T08:46:15+00:00\" \/>\n<meta name=\"twitter:card\" content=\"summary_large_image\" \/>\n<meta name=\"twitter:label1\" content=\"Tiempo de lectura\" \/>\n\t<meta name=\"twitter:data1\" content=\"1 minuto\" \/>\n<script type=\"application\/ld+json\" class=\"yoast-schema-graph\">{\"@context\":\"https:\/\/schema.org\",\"@graph\":[{\"@type\":\"WebPage\",\"@id\":\"https:\/\/wakeparkttom.com\/contacte\/\",\"url\":\"https:\/\/wakeparkttom.com\/contacte\/\",\"name\":\"Contacte - Wakepark TTOM\",\"isPartOf\":{\"@id\":\"https:\/\/wakeparkttom.com\/#website\"},\"datePublished\":\"2023-05-21T05:32:13+00:00\",\"dateModified\":\"2024-09-16T08:46:15+00:00\",\"description\":\"Contacta amb el Wakepark Ttom per a reservar la teva sessi\u00f3 de wakeboard. Amb horaris flexibles i disponibilitat fora d'horari, estarem encantats d'atendre't. Troba'ns a la localitzaci\u00f3 CD 118 RIUMAR 43580 Deltebre i posa't en contacte a trav\u00e9s del tel\u00e8fon\/WhatsApp 621 008 860 o correu electr\u00f2nic wakepark.ttom@hotmail.com. Aprofita l'oportunitat d'experimentar l'emoci\u00f3 del wakeboard amb nosaltres.\",\"breadcrumb\":{\"@id\":\"https:\/\/wakeparkttom.com\/contacte\/#breadcrumb\"},\"inLanguage\":\"es\",\"potentialAction\":[{\"@type\":\"ReadAction\",\"target\":[\"https:\/\/wakeparkttom.com\/contacte\/\"]}]},{\"@type\":\"BreadcrumbList\",\"@id\":\"https:\/\/wakeparkttom.com\/contacte\/#breadcrumb\",\"itemListElement\":[{\"@type\":\"ListItem\",\"position\":1,\"name\":\"Home\",\"item\":\"https:\/\/wakeparkttom.com\/\"},{\"@type\":\"ListItem\",\"position\":2,\"name\":\"Contacte\"}]},{\"@type\":\"WebSite\",\"@id\":\"https:\/\/wakeparkttom.com\/#website\",\"url\":\"https:\/\/wakeparkttom.com\/\",\"name\":\"Wakepark TTOM\",\"description\":\"Esport i diversi\u00f3\",\"publisher\":{\"@id\":\"https:\/\/wakeparkttom.com\/#organization\"},\"potentialAction\":[{\"@type\":\"SearchAction\",\"target\":{\"@type\":\"EntryPoint\",\"urlTemplate\":\"https:\/\/wakeparkttom.com\/?s={search_term_string}\"},\"query-input\":\"required name=search_term_string\"}],\"inLanguage\":\"es\"},{\"@type\":\"Organization\",\"@id\":\"https:\/\/wakeparkttom.com\/#organization\",\"name\":\"Wakepark Ttom\",\"url\":\"https:\/\/wakeparkttom.com\/\",\"logo\":{\"@type\":\"ImageObject\",\"inLanguage\":\"es\",\"@id\":\"https:\/\/wakeparkttom.com\/#\/schema\/logo\/image\/\",\"url\":\"https:\/\/wakeparkttom.com\/wp-content\/uploads\/2023\/05\/footer-logo.png\",\"contentUrl\":\"https:\/\/wakeparkttom.com\/wp-content\/uploads\/2023\/05\/footer-logo.png\",\"width\":167,\"height\":138,\"caption\":\"Wakepark Ttom\"},\"image\":{\"@id\":\"https:\/\/wakeparkttom.com\/#\/schema\/logo\/image\/\"}}]}<\/script>\n<!-- \/ Yoast SEO plugin. -->","yoast_head_json":{"title":"Contacte - Wakepark TTOM","description":"Contacta amb el Wakepark Ttom per a reservar la teva sessi\u00f3 de wakeboard. Amb horaris flexibles i disponibilitat fora d'horari, estarem encantats d'atendre't. Troba'ns a la localitzaci\u00f3 CD 118 RIUMAR 43580 Deltebre i posa't en contacte a trav\u00e9s del tel\u00e8fon\/WhatsApp 621 008 860 o correu electr\u00f2nic wakepark.ttom@hotmail.com. Aprofita l'oportunitat d'experimentar l'emoci\u00f3 del wakeboard amb nosaltres.","robots":{"index":"index","follow":"follow","max-snippet":"max-snippet:-1","max-image-preview":"max-image-preview:large","max-video-preview":"max-video-preview:-1"},"canonical":"http:\/\/wakeparkttom.com\/es\/contacte\/","og_locale":"es_ES","og_type":"article","og_title":"Contacte - Wakepark TTOM","og_description":"Contacta amb el Wakepark Ttom per a reservar la teva sessi\u00f3 de wakeboard. Amb horaris flexibles i disponibilitat fora d'horari, estarem encantats d'atendre't. Troba'ns a la localitzaci\u00f3 CD 118 RIUMAR 43580 Deltebre i posa't en contacte a trav\u00e9s del tel\u00e8fon\/WhatsApp 621 008 860 o correu electr\u00f2nic wakepark.ttom@hotmail.com. Aprofita l'oportunitat d'experimentar l'emoci\u00f3 del wakeboard amb nosaltres.","og_url":"http:\/\/wakeparkttom.com\/es\/contacte\/","og_site_name":"Wakepark TTOM","article_modified_time":"2024-09-16T08:46:15+00:00","twitter_card":"summary_large_image","twitter_misc":{"Tiempo de lectura":"1 minuto"},"schema":{"@context":"https:\/\/schema.org","@graph":[{"@type":"WebPage","@id":"https:\/\/wakeparkttom.com\/contacte\/","url":"https:\/\/wakeparkttom.com\/contacte\/","name":"Contacte - Wakepark TTOM","isPartOf":{"@id":"https:\/\/wakeparkttom.com\/#website"},"datePublished":"2023-05-21T05:32:13+00:00","dateModified":"2024-09-16T08:46:15+00:00","description":"Contacta amb el Wakepark Ttom per a reservar la teva sessi\u00f3 de wakeboard. Amb horaris flexibles i disponibilitat fora d'horari, estarem encantats d'atendre't. Troba'ns a la localitzaci\u00f3 CD 118 RIUMAR 43580 Deltebre i posa't en contacte a trav\u00e9s del tel\u00e8fon\/WhatsApp 621 008 860 o correu electr\u00f2nic wakepark.ttom@hotmail.com. Aprofita l'oportunitat d'experimentar l'emoci\u00f3 del wakeboard amb nosaltres.","breadcrumb":{"@id":"https:\/\/wakeparkttom.com\/contacte\/#breadcrumb"},"inLanguage":"es","potentialAction":[{"@type":"ReadAction","target":["https:\/\/wakeparkttom.com\/contacte\/"]}]},{"@type":"BreadcrumbList","@id":"https:\/\/wakeparkttom.com\/contacte\/#breadcrumb","itemListElement":[{"@type":"ListItem","position":1,"name":"Home","item":"https:\/\/wakeparkttom.com\/"},{"@type":"ListItem","position":2,"name":"Contacte"}]},{"@type":"WebSite","@id":"https:\/\/wakeparkttom.com\/#website","url":"https:\/\/wakeparkttom.com\/","name":"Wakepark TTOM","description":"Esport i diversi\u00f3","publisher":{"@id":"https:\/\/wakeparkttom.com\/#organization"},"potentialAction":[{"@type":"SearchAction","target":{"@type":"EntryPoint","urlTemplate":"https:\/\/wakeparkttom.com\/?s={search_term_string}"},"query-input":"required name=search_term_string"}],"inLanguage":"es"},{"@type":"Organization","@id":"https:\/\/wakeparkttom.com\/#organization","name":"Wakepark Ttom","url":"https:\/\/wakeparkttom.com\/","logo":{"@type":"ImageObject","inLanguage":"es","@id":"https:\/\/wakeparkttom.com\/#\/schema\/logo\/image\/","url":"https:\/\/wakeparkttom.com\/wp-content\/uploads\/2023\/05\/footer-logo.png","contentUrl":"https:\/\/wakeparkttom.com\/wp-content\/uploads\/2023\/05\/footer-logo.png","width":167,"height":138,"caption":"Wakepark Ttom"},"image":{"@id":"https:\/\/wakeparkttom.com\/#\/schema\/logo\/image\/"}}]}},"_links":{"self":[{"href":"http:\/\/wakeparkttom.com\/es\/wp-json\/wp\/v2\/pages\/24"}],"collection":[{"href":"http:\/\/wakeparkttom.com\/es\/wp-json\/wp\/v2\/pages"}],"about":[{"href":"http:\/\/wakeparkttom.com\/es\/wp-json\/wp\/v2\/types\/page"}],"author":[{"embeddable":true,"href":"http:\/\/wakeparkttom.com\/es\/wp-json\/wp\/v2\/users\/4"}],"replies":[{"embeddable":true,"href":"http:\/\/wakeparkttom.com\/es\/wp-json\/wp\/v2\/comments?post=24"}],"version-history":[{"count":75,"href":"http:\/\/wakeparkttom.com\/es\/wp-json\/wp\/v2\/pages\/24\/revisions"}],"predecessor-version":[{"id":1109,"href":"http:\/\/wakeparkttom.com\/es\/wp-json\/wp\/v2\/pages\/24\/revisions\/1109"}],"wp:attachment":[{"href":"http:\/\/wakeparkttom.com\/es\/wp-json\/wp\/v2\/media?parent=24"}],"curies":[{"name":"wp","href":"https:\/\/api.w.org\/{rel}","templated":true}]}}