{"id":248,"date":"2023-05-21T17:21:15","date_gmt":"2023-05-21T15:21:15","guid":{"rendered":"http:\/\/wakeparkttom.com\/?page_id=248"},"modified":"2023-06-09T09:44:53","modified_gmt":"2023-06-09T07:44:53","slug":"mes-activitats","status":"publish","type":"page","link":"https:\/\/wakeparkttom.com\/de\/mes-activitats\/","title":{"rendered":"weitere Aktivit\u00e4ten"},"content":{"rendered":"<div data-elementor-type=\"wp-page\" data-elementor-id=\"248\" class=\"elementor elementor-248\" data-elementor-post-type=\"page\">\n\t\t\t\t\t\t\t\t\t<section class=\"elementor-section elementor-top-section elementor-element elementor-element-837bb43 elementor-section-height-min-height elementor-section-boxed elementor-section-height-default elementor-section-items-middle\" data-id=\"837bb43\" data-element_type=\"section\" data-settings=\"{&quot;background_background&quot;:&quot;classic&quot;}\">\n\t\t\t\t\t\t\t<div class=\"elementor-background-overlay\"><\/div>\n\t\t\t\t\t\t\t<div class=\"elementor-container elementor-column-gap-default\">\n\t\t\t\t\t<div class=\"elementor-column elementor-col-100 elementor-top-column elementor-element elementor-element-d147118\" data-id=\"d147118\" data-element_type=\"column\">\n\t\t\t<div class=\"elementor-widget-wrap elementor-element-populated\">\n\t\t\t\t\t\t\t\t<div class=\"elementor-element elementor-element-84381f5 elementor-widget elementor-widget-heading\" data-id=\"84381f5\" data-element_type=\"widget\" data-widget_type=\"heading.default\">\n\t\t\t\t<div class=\"elementor-widget-container\">\n\t\t\t<style>\/*! elementor - v3.15.0 - 20-08-2023 *\/\n.elementor-heading-title{padding:0;margin:0;line-height:1}.elementor-widget-heading .elementor-heading-title[class*=elementor-size-]>a{color:inherit;font-size:inherit;line-height:inherit}.elementor-widget-heading .elementor-heading-title.elementor-size-small{font-size:15px}.elementor-widget-heading .elementor-heading-title.elementor-size-medium{font-size:19px}.elementor-widget-heading .elementor-heading-title.elementor-size-large{font-size:29px}.elementor-widget-heading .elementor-heading-title.elementor-size-xl{font-size:39px}.elementor-widget-heading .elementor-heading-title.elementor-size-xxl{font-size:59px}<\/style><h2 class=\"elementor-heading-title elementor-size-default\">weitere Aktivit\u00e4ten<\/h2>\t\t<\/div>\n\t\t\t\t<\/div>\n\t\t\t\t\t<\/div>\n\t\t<\/div>\n\t\t\t\t\t\t\t<\/div>\n\t\t<\/section>\n\t\t\t\t<section class=\"elementor-section elementor-top-section elementor-element elementor-element-6c22ef8 elementor-section-boxed elementor-section-height-default elementor-section-height-default\" data-id=\"6c22ef8\" data-element_type=\"section\">\n\t\t\t\t\t\t<div class=\"elementor-container elementor-column-gap-default\">\n\t\t\t\t\t<div class=\"elementor-column elementor-col-100 elementor-top-column elementor-element elementor-element-83dc4b2\" data-id=\"83dc4b2\" data-element_type=\"column\">\n\t\t\t<div class=\"elementor-widget-wrap elementor-element-populated\">\n\t\t\t\t\t\t\t\t<div class=\"elementor-element elementor-element-e07f962 elementor-widget elementor-widget-heading\" data-id=\"e07f962\" data-element_type=\"widget\" data-widget_type=\"heading.default\">\n\t\t\t\t<div class=\"elementor-widget-container\">\n\t\t\t<h2 class=\"elementor-heading-title elementor-size-default\">PARTYS<\/h2>\t\t<\/div>\n\t\t\t\t<\/div>\n\t\t\t\t<div class=\"elementor-element elementor-element-badf40a elementor-widget elementor-widget-text-editor\" data-id=\"badf40a\" data-element_type=\"widget\" data-widget_type=\"text-editor.default\">\n\t\t\t\t<div class=\"elementor-widget-container\">\n\t\t\t<style>\/*! elementor - v3.15.0 - 20-08-2023 *\/\n.elementor-widget-text-editor.elementor-drop-cap-view-stacked .elementor-drop-cap{background-color:#69727d;color:#fff}.elementor-widget-text-editor.elementor-drop-cap-view-framed .elementor-drop-cap{color:#69727d;border:3px solid;background-color:transparent}.elementor-widget-text-editor:not(.elementor-drop-cap-view-default) .elementor-drop-cap{margin-top:8px}.elementor-widget-text-editor:not(.elementor-drop-cap-view-default) .elementor-drop-cap-letter{width:1em;height:1em}.elementor-widget-text-editor .elementor-drop-cap{float:left;text-align:center;line-height:1;font-size:50px}.elementor-widget-text-editor .elementor-drop-cap-letter{display:inline-block}<\/style>\t\t\t\t<p>Feiern Sie Ihre Party auf originelle und aufregende Weise im Wakepark. Wir bieten ein einzigartiges Erlebnis mit einer gro\u00dfen Auswahl an Aktivit\u00e4ten und Dienstleistungen f\u00fcr jeden Geschmack und jedes Alter.<\/p>\t\t\t\t\t\t<\/div>\n\t\t\t\t<\/div>\n\t\t\t\t<div class=\"elementor-element elementor-element-2245602 elementor-widget elementor-widget-heading\" data-id=\"2245602\" data-element_type=\"widget\" data-widget_type=\"heading.default\">\n\t\t\t\t<div class=\"elementor-widget-container\">\n\t\t\t<h2 class=\"elementor-heading-title elementor-size-default\">VERANSTALTUNGEN<\/h2>\t\t<\/div>\n\t\t\t\t<\/div>\n\t\t\t\t<div class=\"elementor-element elementor-element-0dd44ca elementor-widget elementor-widget-text-editor\" data-id=\"0dd44ca\" data-element_type=\"widget\" data-widget_type=\"text-editor.default\">\n\t\t\t\t<div class=\"elementor-widget-container\">\n\t\t\t\t\t\t\t<p>Wenn Sie auf der Suche nach einem anderen und originellen Platz f\u00fcr Musikpr\u00e4sentationen, B\u00fccher, Gruppentreffen oder andere Veranstaltungen sind, kommen Sie und feiern Sie mit uns. Wir verf\u00fcgen \u00fcber eine gro\u00dfe Instalation, in denen Sie verschiedene Feste und Veranstaltungen abhalten k\u00f6nnen.<\/p>\t\t\t\t\t\t<\/div>\n\t\t\t\t<\/div>\n\t\t\t\t<div class=\"elementor-element elementor-element-43c3675 elementor-widget elementor-widget-heading\" data-id=\"43c3675\" data-element_type=\"widget\" data-widget_type=\"heading.default\">\n\t\t\t\t<div class=\"elementor-widget-container\">\n\t\t\t<h2 class=\"elementor-heading-title elementor-size-default\">JUNGGESELLEN- ODER JUNGGESELLINENABSCHIED<\/h2>\t\t<\/div>\n\t\t\t\t<\/div>\n\t\t\t\t<div class=\"elementor-element elementor-element-98db207 elementor-widget elementor-widget-text-editor\" data-id=\"98db207\" data-element_type=\"widget\" data-widget_type=\"text-editor.default\">\n\t\t\t\t<div class=\"elementor-widget-container\">\n\t\t\t\t\t\t\t<p>M\u00f6chten Sie einen unvergesslichen Junggesellen- oder Junggesellinnenabschied veranstalten? Im Wakepark haben wir die perfekte Option f\u00fcr Sie. Kommen Sie und genie\u00dfen Sie unsere Aktivit\u00e4ten und Dienstleistungen, die Ihren letzten Tag der Freiheit einzigartig und unterhaltsam machen.<\/p>\t\t\t\t\t\t<\/div>\n\t\t\t\t<\/div>\n\t\t\t\t<div class=\"elementor-element elementor-element-d9a42df elementor-widget elementor-widget-heading\" data-id=\"d9a42df\" data-element_type=\"widget\" data-widget_type=\"heading.default\">\n\t\t\t\t<div class=\"elementor-widget-container\">\n\t\t\t<h2 class=\"elementor-heading-title elementor-size-default\">GEBURTSTAGE<\/h2>\t\t<\/div>\n\t\t\t\t<\/div>\n\t\t\t\t<div class=\"elementor-element elementor-element-67a4d6f elementor-widget elementor-widget-text-editor\" data-id=\"67a4d6f\" data-element_type=\"widget\" data-widget_type=\"text-editor.default\">\n\t\t\t\t<div class=\"elementor-widget-container\">\n\t\t\t\t\t\t\t<p>Feiern Sie Ihren Geburtstag mit einem anderen und aufregenden Erlebnis im Wakepark. Wir bieten eine breite Palette an Aktivit\u00e4ten und Dienstleistungen f\u00fcr jedes Alter und jeden Geschmack, sodass Sie mit Sicherheit das Angebot finden, das Ihren Bed\u00fcrfnissen am besten entspricht.<\/p>\t\t\t\t\t\t<\/div>\n\t\t\t\t<\/div>\n\t\t\t\t\t<\/div>\n\t\t<\/div>\n\t\t\t\t\t\t\t<\/div>\n\t\t<\/section>\n\t\t\t\t\t\t\t<\/div>","protected":false},"excerpt":{"rendered":"<p>M\u00e9s Activitats FESTES Celebra la teva festa d&#8217;una manera original i emocionant al Wakepark. Oferim una experi\u00e8ncia \u00fanica amb una gran varietat d&#8217;activitats i serveis per a tots els gustos i edats. ESDEVENIMENTS Si est\u00e0s buscant un espai diferent i original per a presentacions de m\u00fasica, llibres, trobades de grups o altres esdeveniments, vine a [&hellip;]<\/p>","protected":false},"author":4,"featured_media":0,"parent":0,"menu_order":0,"comment_status":"closed","ping_status":"closed","template":"","meta":{"om_disable_all_campaigns":false,"footnotes":"","_joinchat":[]},"yoast_head":"<!-- This site is optimized with the Yoast SEO plugin v21.1 - https:\/\/yoast.com\/wordpress\/plugins\/seo\/ -->\n<title>M\u00e9s Activitats - Wakepark TTOM<\/title>\n<meta name=\"description\" content=\"Celebra festes originals, esdeveniments especials i aniversaris emocionants al Wakepark. Oferim una \u00e0mplia varietat d&#039;activitats i serveis per a tots els gustos i edats. Vine i gaudeix de l&#039;experi\u00e8ncia \u00fanica que t&#039;oferim en un entorn espectacular. Fes de la teva despedida de solter o soltera un dia inoblidable i celebra amb nosaltres les teves ocasions especials.\" \/>\n<meta name=\"robots\" content=\"index, follow, max-snippet:-1, max-image-preview:large, max-video-preview:-1\" \/>\n<link rel=\"canonical\" href=\"https:\/\/wakeparkttom.com\/de\/mes-activitats\/\" \/>\n<meta property=\"og:locale\" content=\"de_DE\" \/>\n<meta property=\"og:type\" content=\"article\" \/>\n<meta property=\"og:title\" content=\"M\u00e9s Activitats - Wakepark TTOM\" \/>\n<meta property=\"og:description\" content=\"Celebra festes originals, esdeveniments especials i aniversaris emocionants al Wakepark. Oferim una \u00e0mplia varietat d&#039;activitats i serveis per a tots els gustos i edats. Vine i gaudeix de l&#039;experi\u00e8ncia \u00fanica que t&#039;oferim en un entorn espectacular. Fes de la teva despedida de solter o soltera un dia inoblidable i celebra amb nosaltres les teves ocasions especials.\" \/>\n<meta property=\"og:url\" content=\"https:\/\/wakeparkttom.com\/de\/mes-activitats\/\" \/>\n<meta property=\"og:site_name\" content=\"Wakepark TTOM\" \/>\n<meta property=\"article:modified_time\" content=\"2023-06-09T07:44:53+00:00\" \/>\n<meta name=\"twitter:card\" content=\"summary_large_image\" \/>\n<meta name=\"twitter:label1\" content=\"Gesch\u00e4tzte Lesezeit\" \/>\n\t<meta name=\"twitter:data1\" content=\"1 Minute\" \/>\n<script type=\"application\/ld+json\" class=\"yoast-schema-graph\">{\"@context\":\"https:\/\/schema.org\",\"@graph\":[{\"@type\":\"WebPage\",\"@id\":\"https:\/\/wakeparkttom.com\/mes-activitats\/\",\"url\":\"https:\/\/wakeparkttom.com\/mes-activitats\/\",\"name\":\"M\u00e9s Activitats - Wakepark TTOM\",\"isPartOf\":{\"@id\":\"https:\/\/wakeparkttom.com\/#website\"},\"datePublished\":\"2023-05-21T15:21:15+00:00\",\"dateModified\":\"2023-06-09T07:44:53+00:00\",\"description\":\"Celebra festes originals, esdeveniments especials i aniversaris emocionants al Wakepark. Oferim una \u00e0mplia varietat d'activitats i serveis per a tots els gustos i edats. Vine i gaudeix de l'experi\u00e8ncia \u00fanica que t'oferim en un entorn espectacular. Fes de la teva despedida de solter o soltera un dia inoblidable i celebra amb nosaltres les teves ocasions especials.\",\"breadcrumb\":{\"@id\":\"https:\/\/wakeparkttom.com\/mes-activitats\/#breadcrumb\"},\"inLanguage\":\"de-DE\",\"potentialAction\":[{\"@type\":\"ReadAction\",\"target\":[\"https:\/\/wakeparkttom.com\/mes-activitats\/\"]}]},{\"@type\":\"BreadcrumbList\",\"@id\":\"https:\/\/wakeparkttom.com\/mes-activitats\/#breadcrumb\",\"itemListElement\":[{\"@type\":\"ListItem\",\"position\":1,\"name\":\"Home\",\"item\":\"https:\/\/wakeparkttom.com\/\"},{\"@type\":\"ListItem\",\"position\":2,\"name\":\"M\u00e9s Activitats\"}]},{\"@type\":\"WebSite\",\"@id\":\"https:\/\/wakeparkttom.com\/#website\",\"url\":\"https:\/\/wakeparkttom.com\/\",\"name\":\"Wakepark TTOM\",\"description\":\"Esport i diversi\u00f3\",\"publisher\":{\"@id\":\"https:\/\/wakeparkttom.com\/#organization\"},\"potentialAction\":[{\"@type\":\"SearchAction\",\"target\":{\"@type\":\"EntryPoint\",\"urlTemplate\":\"https:\/\/wakeparkttom.com\/?s={search_term_string}\"},\"query-input\":\"required name=search_term_string\"}],\"inLanguage\":\"de-DE\"},{\"@type\":\"Organization\",\"@id\":\"https:\/\/wakeparkttom.com\/#organization\",\"name\":\"Wakepark Ttom\",\"url\":\"https:\/\/wakeparkttom.com\/\",\"logo\":{\"@type\":\"ImageObject\",\"inLanguage\":\"de-DE\",\"@id\":\"https:\/\/wakeparkttom.com\/#\/schema\/logo\/image\/\",\"url\":\"https:\/\/wakeparkttom.com\/wp-content\/uploads\/2023\/05\/footer-logo.png\",\"contentUrl\":\"https:\/\/wakeparkttom.com\/wp-content\/uploads\/2023\/05\/footer-logo.png\",\"width\":167,\"height\":138,\"caption\":\"Wakepark Ttom\"},\"image\":{\"@id\":\"https:\/\/wakeparkttom.com\/#\/schema\/logo\/image\/\"}}]}<\/script>\n<!-- \/ Yoast SEO plugin. -->","yoast_head_json":{"title":"M\u00e9s Activitats - Wakepark TTOM","description":"Celebra festes originals, esdeveniments especials i aniversaris emocionants al Wakepark. Oferim una \u00e0mplia varietat d'activitats i serveis per a tots els gustos i edats. Vine i gaudeix de l'experi\u00e8ncia \u00fanica que t'oferim en un entorn espectacular. Fes de la teva despedida de solter o soltera un dia inoblidable i celebra amb nosaltres les teves ocasions especials.","robots":{"index":"index","follow":"follow","max-snippet":"max-snippet:-1","max-image-preview":"max-image-preview:large","max-video-preview":"max-video-preview:-1"},"canonical":"https:\/\/wakeparkttom.com\/de\/mes-activitats\/","og_locale":"de_DE","og_type":"article","og_title":"M\u00e9s Activitats - Wakepark TTOM","og_description":"Celebra festes originals, esdeveniments especials i aniversaris emocionants al Wakepark. Oferim una \u00e0mplia varietat d'activitats i serveis per a tots els gustos i edats. Vine i gaudeix de l'experi\u00e8ncia \u00fanica que t'oferim en un entorn espectacular. Fes de la teva despedida de solter o soltera un dia inoblidable i celebra amb nosaltres les teves ocasions especials.","og_url":"https:\/\/wakeparkttom.com\/de\/mes-activitats\/","og_site_name":"Wakepark TTOM","article_modified_time":"2023-06-09T07:44:53+00:00","twitter_card":"summary_large_image","twitter_misc":{"Gesch\u00e4tzte Lesezeit":"1 Minute"},"schema":{"@context":"https:\/\/schema.org","@graph":[{"@type":"WebPage","@id":"https:\/\/wakeparkttom.com\/mes-activitats\/","url":"https:\/\/wakeparkttom.com\/mes-activitats\/","name":"M\u00e9s Activitats - Wakepark TTOM","isPartOf":{"@id":"https:\/\/wakeparkttom.com\/#website"},"datePublished":"2023-05-21T15:21:15+00:00","dateModified":"2023-06-09T07:44:53+00:00","description":"Celebra festes originals, esdeveniments especials i aniversaris emocionants al Wakepark. Oferim una \u00e0mplia varietat d'activitats i serveis per a tots els gustos i edats. Vine i gaudeix de l'experi\u00e8ncia \u00fanica que t'oferim en un entorn espectacular. Fes de la teva despedida de solter o soltera un dia inoblidable i celebra amb nosaltres les teves ocasions especials.","breadcrumb":{"@id":"https:\/\/wakeparkttom.com\/mes-activitats\/#breadcrumb"},"inLanguage":"de-DE","potentialAction":[{"@type":"ReadAction","target":["https:\/\/wakeparkttom.com\/mes-activitats\/"]}]},{"@type":"BreadcrumbList","@id":"https:\/\/wakeparkttom.com\/mes-activitats\/#breadcrumb","itemListElement":[{"@type":"ListItem","position":1,"name":"Home","item":"https:\/\/wakeparkttom.com\/"},{"@type":"ListItem","position":2,"name":"M\u00e9s Activitats"}]},{"@type":"WebSite","@id":"https:\/\/wakeparkttom.com\/#website","url":"https:\/\/wakeparkttom.com\/","name":"Wakepark TTOM","description":"Esport i diversi\u00f3","publisher":{"@id":"https:\/\/wakeparkttom.com\/#organization"},"potentialAction":[{"@type":"SearchAction","target":{"@type":"EntryPoint","urlTemplate":"https:\/\/wakeparkttom.com\/?s={search_term_string}"},"query-input":"required name=search_term_string"}],"inLanguage":"de-DE"},{"@type":"Organization","@id":"https:\/\/wakeparkttom.com\/#organization","name":"Wakepark Ttom","url":"https:\/\/wakeparkttom.com\/","logo":{"@type":"ImageObject","inLanguage":"de-DE","@id":"https:\/\/wakeparkttom.com\/#\/schema\/logo\/image\/","url":"https:\/\/wakeparkttom.com\/wp-content\/uploads\/2023\/05\/footer-logo.png","contentUrl":"https:\/\/wakeparkttom.com\/wp-content\/uploads\/2023\/05\/footer-logo.png","width":167,"height":138,"caption":"Wakepark Ttom"},"image":{"@id":"https:\/\/wakeparkttom.com\/#\/schema\/logo\/image\/"}}]}},"_links":{"self":[{"href":"https:\/\/wakeparkttom.com\/de\/wp-json\/wp\/v2\/pages\/248"}],"collection":[{"href":"https:\/\/wakeparkttom.com\/de\/wp-json\/wp\/v2\/pages"}],"about":[{"href":"https:\/\/wakeparkttom.com\/de\/wp-json\/wp\/v2\/types\/page"}],"author":[{"embeddable":true,"href":"https:\/\/wakeparkttom.com\/de\/wp-json\/wp\/v2\/users\/4"}],"replies":[{"embeddable":true,"href":"https:\/\/wakeparkttom.com\/de\/wp-json\/wp\/v2\/comments?post=248"}],"version-history":[{"count":45,"href":"https:\/\/wakeparkttom.com\/de\/wp-json\/wp\/v2\/pages\/248\/revisions"}],"predecessor-version":[{"id":996,"href":"https:\/\/wakeparkttom.com\/de\/wp-json\/wp\/v2\/pages\/248\/revisions\/996"}],"wp:attachment":[{"href":"https:\/\/wakeparkttom.com\/de\/wp-json\/wp\/v2\/media?parent=248"}],"curies":[{"name":"wp","href":"https:\/\/api.w.org\/{rel}","templated":true}]}}