{"id":231,"date":"2023-05-21T16:46:57","date_gmt":"2023-05-21T16:46:57","guid":{"rendered":"http:\/\/wakeparkttom.com\/?page_id=231"},"modified":"2023-06-21T14:18:58","modified_gmt":"2023-06-21T12:18:58","slug":"el-xiringuito","status":"publish","type":"page","link":"https:\/\/wakeparkttom.com\/es\/el-xiringuito\/","title":{"rendered":"El Chiringuito"},"content":{"rendered":"<div data-elementor-type=\"wp-page\" data-elementor-id=\"231\" class=\"elementor elementor-231\" data-elementor-post-type=\"page\">\n\t\t\t\t\t\t\t\t\t<section class=\"elementor-section elementor-top-section elementor-element elementor-element-64e2915 elementor-section-height-min-height elementor-section-boxed elementor-section-height-default elementor-section-items-middle\" data-id=\"64e2915\" data-element_type=\"section\" data-settings=\"{&quot;background_background&quot;:&quot;classic&quot;}\">\n\t\t\t\t\t\t\t<div class=\"elementor-background-overlay\"><\/div>\n\t\t\t\t\t\t\t<div class=\"elementor-container elementor-column-gap-default\">\n\t\t\t\t\t<div class=\"elementor-column elementor-col-100 elementor-top-column elementor-element elementor-element-d81ff96\" data-id=\"d81ff96\" data-element_type=\"column\">\n\t\t\t<div class=\"elementor-widget-wrap elementor-element-populated\">\n\t\t\t\t\t\t\t\t<div class=\"elementor-element elementor-element-01c954f elementor-widget elementor-widget-heading\" data-id=\"01c954f\" data-element_type=\"widget\" data-widget_type=\"heading.default\">\n\t\t\t\t<div class=\"elementor-widget-container\">\n\t\t\t<style>\/*! elementor - v3.15.0 - 20-08-2023 *\/\n.elementor-heading-title{padding:0;margin:0;line-height:1}.elementor-widget-heading .elementor-heading-title[class*=elementor-size-]>a{color:inherit;font-size:inherit;line-height:inherit}.elementor-widget-heading .elementor-heading-title.elementor-size-small{font-size:15px}.elementor-widget-heading .elementor-heading-title.elementor-size-medium{font-size:19px}.elementor-widget-heading .elementor-heading-title.elementor-size-large{font-size:29px}.elementor-widget-heading .elementor-heading-title.elementor-size-xl{font-size:39px}.elementor-widget-heading .elementor-heading-title.elementor-size-xxl{font-size:59px}<\/style><h2 class=\"elementor-heading-title elementor-size-default\">El Chiringuito<\/h2>\t\t<\/div>\n\t\t\t\t<\/div>\n\t\t\t\t\t<\/div>\n\t\t<\/div>\n\t\t\t\t\t\t\t<\/div>\n\t\t<\/section>\n\t\t\t\t<section class=\"elementor-section elementor-top-section elementor-element elementor-element-ba03dd9 elementor-section-boxed elementor-section-height-default elementor-section-height-default\" data-id=\"ba03dd9\" data-element_type=\"section\">\n\t\t\t\t\t\t<div class=\"elementor-container elementor-column-gap-default\">\n\t\t\t\t\t<div class=\"elementor-column elementor-col-100 elementor-top-column elementor-element elementor-element-86e0d12\" data-id=\"86e0d12\" data-element_type=\"column\">\n\t\t\t<div class=\"elementor-widget-wrap elementor-element-populated\">\n\t\t\t\t\t\t\t\t<div class=\"elementor-element elementor-element-446beaf elementor-widget elementor-widget-text-editor\" data-id=\"446beaf\" data-element_type=\"widget\" data-widget_type=\"text-editor.default\">\n\t\t\t\t<div class=\"elementor-widget-container\">\n\t\t\t<style>\/*! elementor - v3.15.0 - 20-08-2023 *\/\n.elementor-widget-text-editor.elementor-drop-cap-view-stacked .elementor-drop-cap{background-color:#69727d;color:#fff}.elementor-widget-text-editor.elementor-drop-cap-view-framed .elementor-drop-cap{color:#69727d;border:3px solid;background-color:transparent}.elementor-widget-text-editor:not(.elementor-drop-cap-view-default) .elementor-drop-cap{margin-top:8px}.elementor-widget-text-editor:not(.elementor-drop-cap-view-default) .elementor-drop-cap-letter{width:1em;height:1em}.elementor-widget-text-editor .elementor-drop-cap{float:left;text-align:center;line-height:1;font-size:50px}.elementor-widget-text-editor .elementor-drop-cap-letter{display:inline-block}<\/style>\t\t\t\t<p>En chiringuito Mar's tenemos diferentes opciones de comida y bebidas para disfrutar durante tu estancia en nuestras instalaciones.\u00a0<\/p><p><span style=\"color: var( --e-global-color-text )\">Te ofrecemos<\/span><\/p>\t\t\t\t\t\t<\/div>\n\t\t\t\t<\/div>\n\t\t\t\t<div class=\"elementor-element elementor-element-8614787 elementor-list-item-link-inline elementor-icon-list--layout-traditional elementor-widget elementor-widget-icon-list\" data-id=\"8614787\" data-element_type=\"widget\" data-widget_type=\"icon-list.default\">\n\t\t\t\t<div class=\"elementor-widget-container\">\n\t\t\t<link rel=\"stylesheet\" href=\"https:\/\/wakeparkttom.com\/wp-content\/plugins\/elementor\/assets\/css\/widget-icon-list.min.css\">\t\t<ul class=\"elementor-icon-list-items\">\n\t\t\t\t\t\t\t<li class=\"elementor-icon-list-item\">\n\t\t\t\t\t\t\t\t\t\t<span class=\"elementor-icon-list-text\">- Rebanadas<\/span>\n\t\t\t\t\t\t\t\t\t<\/li>\n\t\t\t\t\t\t\t\t<li class=\"elementor-icon-list-item\">\n\t\t\t\t\t\t\t\t\t\t<span class=\"elementor-icon-list-text\">- Bocadillos<\/span>\n\t\t\t\t\t\t\t\t\t<\/li>\n\t\t\t\t\t\t\t\t<li class=\"elementor-icon-list-item\">\n\t\t\t\t\t\t\t\t\t\t<span class=\"elementor-icon-list-text\">- Bocadillos especiales, como el vegetal de at\u00fan o sardina, en productos del huerto, el de sobrasada y queso de cabra y el bocadillo del d\u00eda<\/span>\n\t\t\t\t\t\t\t\t\t<\/li>\n\t\t\t\t\t\t\t\t<li class=\"elementor-icon-list-item\">\n\t\t\t\t\t\t\t\t\t\t<span class=\"elementor-icon-list-text\">- Tapas<\/span>\n\t\t\t\t\t\t\t\t\t<\/li>\n\t\t\t\t\t\t\t\t<li class=\"elementor-icon-list-item\">\n\t\t\t\t\t\t\t\t\t\t<span class=\"elementor-icon-list-text\">- Snaks<\/span>\n\t\t\t\t\t\t\t\t\t<\/li>\n\t\t\t\t\t\t\t\t<li class=\"elementor-icon-list-item\">\n\t\t\t\t\t\t\t\t\t\t<span class=\"elementor-icon-list-text\">- Dulces<\/span>\n\t\t\t\t\t\t\t\t\t<\/li>\n\t\t\t\t\t\t\t\t<li class=\"elementor-icon-list-item\">\n\t\t\t\t\t\t\t\t\t\t<span class=\"elementor-icon-list-text\">- Combinados: Gin t\u00f3nico, Ron cola, Mojito, Aperol Spritz...<\/span>\n\t\t\t\t\t\t\t\t\t<\/li>\n\t\t\t\t\t\t<\/ul>\n\t\t\t\t<\/div>\n\t\t\t\t<\/div>\n\t\t\t\t<div class=\"elementor-element elementor-element-2ce33e7 elementor-widget elementor-widget-text-editor\" data-id=\"2ce33e7\" data-element_type=\"widget\" data-widget_type=\"text-editor.default\">\n\t\t\t\t<div class=\"elementor-widget-container\">\n\t\t\t\t\t\t\t<p>Adem\u00e1s, no te pierdas nuestros batidos de frutas frescas para refrescarte durante los meses m\u00e1s calurosos. Ven a disfrutar de nuestros servicios mientras disfrutas de las emociones y aventuras del Wakepark.<\/p>\t\t\t\t\t\t<\/div>\n\t\t\t\t<\/div>\n\t\t\t\t\t<\/div>\n\t\t<\/div>\n\t\t\t\t\t\t\t<\/div>\n\t\t<\/section>\n\t\t\t\t\t\t\t<\/div>","protected":false},"excerpt":{"rendered":"<p>El Xiringuito Al xiringuito Mar\u2019s tenim diferents opcions de menjar i begudes per gaudir durant la teva estada a les nostres instal\u00b7lacions.\u00a0 T\u2019oferim: &#8211; Llesques &#8211; Entrepans &#8211; Entrepans especials, com el vegetal de tonyi\u00f1a o sardina, en productes de l\u2019hortet, el de sobrasada i formatge de cabra i l\u2019entrepa del dia &#8211; Tapes &#8211; [&hellip;]<\/p>","protected":false},"author":4,"featured_media":0,"parent":0,"menu_order":0,"comment_status":"closed","ping_status":"closed","template":"","meta":{"om_disable_all_campaigns":false,"footnotes":"","_joinchat":[]},"yoast_head":"<!-- This site is optimized with the Yoast SEO plugin v21.1 - https:\/\/yoast.com\/wordpress\/plugins\/seo\/ -->\n<title>El Xiringuito - Wakepark TTOM<\/title>\n<meta name=\"description\" content=\"Descobreix les del\u00edcies culin\u00e0ries al xiringuito Mar&#039;s. Tria entre llesques, entrepans especials, tapes, snaks i dol\u00e7os per acompanyar la teva estada. Refresca&#039;t amb els nostres batuts de fruites fresques durant els mesos de calor. Vine i gaudeix dels sabors exquisits mentre et diverteixes al Wakepark.\" \/>\n<meta name=\"robots\" content=\"index, follow, max-snippet:-1, max-image-preview:large, max-video-preview:-1\" \/>\n<link rel=\"canonical\" href=\"https:\/\/wakeparkttom.com\/es\/el-xiringuito\/\" \/>\n<meta property=\"og:locale\" content=\"es_ES\" \/>\n<meta property=\"og:type\" content=\"article\" \/>\n<meta property=\"og:title\" content=\"El Xiringuito - Wakepark TTOM\" \/>\n<meta property=\"og:description\" content=\"Descobreix les del\u00edcies culin\u00e0ries al xiringuito Mar&#039;s. Tria entre llesques, entrepans especials, tapes, snaks i dol\u00e7os per acompanyar la teva estada. Refresca&#039;t amb els nostres batuts de fruites fresques durant els mesos de calor. Vine i gaudeix dels sabors exquisits mentre et diverteixes al Wakepark.\" \/>\n<meta property=\"og:url\" content=\"https:\/\/wakeparkttom.com\/es\/el-xiringuito\/\" \/>\n<meta property=\"og:site_name\" content=\"Wakepark TTOM\" \/>\n<meta property=\"article:modified_time\" content=\"2023-06-21T12:18:58+00:00\" \/>\n<meta name=\"twitter:card\" content=\"summary_large_image\" \/>\n<meta name=\"twitter:label1\" content=\"Tiempo de lectura\" \/>\n\t<meta name=\"twitter:data1\" content=\"1 minuto\" \/>\n<script type=\"application\/ld+json\" class=\"yoast-schema-graph\">{\"@context\":\"https:\/\/schema.org\",\"@graph\":[{\"@type\":\"WebPage\",\"@id\":\"https:\/\/wakeparkttom.com\/el-xiringuito\/\",\"url\":\"https:\/\/wakeparkttom.com\/el-xiringuito\/\",\"name\":\"El Xiringuito - Wakepark TTOM\",\"isPartOf\":{\"@id\":\"https:\/\/wakeparkttom.com\/#website\"},\"datePublished\":\"2023-05-21T16:46:57+00:00\",\"dateModified\":\"2023-06-21T12:18:58+00:00\",\"description\":\"Descobreix les del\u00edcies culin\u00e0ries al xiringuito Mar's. Tria entre llesques, entrepans especials, tapes, snaks i dol\u00e7os per acompanyar la teva estada. Refresca't amb els nostres batuts de fruites fresques durant els mesos de calor. Vine i gaudeix dels sabors exquisits mentre et diverteixes al Wakepark.\",\"breadcrumb\":{\"@id\":\"https:\/\/wakeparkttom.com\/el-xiringuito\/#breadcrumb\"},\"inLanguage\":\"es\",\"potentialAction\":[{\"@type\":\"ReadAction\",\"target\":[\"https:\/\/wakeparkttom.com\/el-xiringuito\/\"]}]},{\"@type\":\"BreadcrumbList\",\"@id\":\"https:\/\/wakeparkttom.com\/el-xiringuito\/#breadcrumb\",\"itemListElement\":[{\"@type\":\"ListItem\",\"position\":1,\"name\":\"Home\",\"item\":\"https:\/\/wakeparkttom.com\/\"},{\"@type\":\"ListItem\",\"position\":2,\"name\":\"El Xiringuito\"}]},{\"@type\":\"WebSite\",\"@id\":\"https:\/\/wakeparkttom.com\/#website\",\"url\":\"https:\/\/wakeparkttom.com\/\",\"name\":\"Wakepark TTOM\",\"description\":\"Esport i diversi\u00f3\",\"publisher\":{\"@id\":\"https:\/\/wakeparkttom.com\/#organization\"},\"potentialAction\":[{\"@type\":\"SearchAction\",\"target\":{\"@type\":\"EntryPoint\",\"urlTemplate\":\"https:\/\/wakeparkttom.com\/?s={search_term_string}\"},\"query-input\":\"required name=search_term_string\"}],\"inLanguage\":\"es\"},{\"@type\":\"Organization\",\"@id\":\"https:\/\/wakeparkttom.com\/#organization\",\"name\":\"Wakepark Ttom\",\"url\":\"https:\/\/wakeparkttom.com\/\",\"logo\":{\"@type\":\"ImageObject\",\"inLanguage\":\"es\",\"@id\":\"https:\/\/wakeparkttom.com\/#\/schema\/logo\/image\/\",\"url\":\"https:\/\/wakeparkttom.com\/wp-content\/uploads\/2023\/05\/footer-logo.png\",\"contentUrl\":\"https:\/\/wakeparkttom.com\/wp-content\/uploads\/2023\/05\/footer-logo.png\",\"width\":167,\"height\":138,\"caption\":\"Wakepark Ttom\"},\"image\":{\"@id\":\"https:\/\/wakeparkttom.com\/#\/schema\/logo\/image\/\"}}]}<\/script>\n<!-- \/ Yoast SEO plugin. -->","yoast_head_json":{"title":"El Xiringuito - Wakepark TTOM","description":"Descobreix les del\u00edcies culin\u00e0ries al xiringuito Mar's. Tria entre llesques, entrepans especials, tapes, snaks i dol\u00e7os per acompanyar la teva estada. Refresca't amb els nostres batuts de fruites fresques durant els mesos de calor. Vine i gaudeix dels sabors exquisits mentre et diverteixes al Wakepark.","robots":{"index":"index","follow":"follow","max-snippet":"max-snippet:-1","max-image-preview":"max-image-preview:large","max-video-preview":"max-video-preview:-1"},"canonical":"https:\/\/wakeparkttom.com\/es\/el-xiringuito\/","og_locale":"es_ES","og_type":"article","og_title":"El Xiringuito - Wakepark TTOM","og_description":"Descobreix les del\u00edcies culin\u00e0ries al xiringuito Mar's. Tria entre llesques, entrepans especials, tapes, snaks i dol\u00e7os per acompanyar la teva estada. Refresca't amb els nostres batuts de fruites fresques durant els mesos de calor. Vine i gaudeix dels sabors exquisits mentre et diverteixes al Wakepark.","og_url":"https:\/\/wakeparkttom.com\/es\/el-xiringuito\/","og_site_name":"Wakepark TTOM","article_modified_time":"2023-06-21T12:18:58+00:00","twitter_card":"summary_large_image","twitter_misc":{"Tiempo de lectura":"1 minuto"},"schema":{"@context":"https:\/\/schema.org","@graph":[{"@type":"WebPage","@id":"https:\/\/wakeparkttom.com\/el-xiringuito\/","url":"https:\/\/wakeparkttom.com\/el-xiringuito\/","name":"El Xiringuito - Wakepark TTOM","isPartOf":{"@id":"https:\/\/wakeparkttom.com\/#website"},"datePublished":"2023-05-21T16:46:57+00:00","dateModified":"2023-06-21T12:18:58+00:00","description":"Descobreix les del\u00edcies culin\u00e0ries al xiringuito Mar's. Tria entre llesques, entrepans especials, tapes, snaks i dol\u00e7os per acompanyar la teva estada. Refresca't amb els nostres batuts de fruites fresques durant els mesos de calor. Vine i gaudeix dels sabors exquisits mentre et diverteixes al Wakepark.","breadcrumb":{"@id":"https:\/\/wakeparkttom.com\/el-xiringuito\/#breadcrumb"},"inLanguage":"es","potentialAction":[{"@type":"ReadAction","target":["https:\/\/wakeparkttom.com\/el-xiringuito\/"]}]},{"@type":"BreadcrumbList","@id":"https:\/\/wakeparkttom.com\/el-xiringuito\/#breadcrumb","itemListElement":[{"@type":"ListItem","position":1,"name":"Home","item":"https:\/\/wakeparkttom.com\/"},{"@type":"ListItem","position":2,"name":"El Xiringuito"}]},{"@type":"WebSite","@id":"https:\/\/wakeparkttom.com\/#website","url":"https:\/\/wakeparkttom.com\/","name":"Wakepark TTOM","description":"Esport i diversi\u00f3","publisher":{"@id":"https:\/\/wakeparkttom.com\/#organization"},"potentialAction":[{"@type":"SearchAction","target":{"@type":"EntryPoint","urlTemplate":"https:\/\/wakeparkttom.com\/?s={search_term_string}"},"query-input":"required name=search_term_string"}],"inLanguage":"es"},{"@type":"Organization","@id":"https:\/\/wakeparkttom.com\/#organization","name":"Wakepark Ttom","url":"https:\/\/wakeparkttom.com\/","logo":{"@type":"ImageObject","inLanguage":"es","@id":"https:\/\/wakeparkttom.com\/#\/schema\/logo\/image\/","url":"https:\/\/wakeparkttom.com\/wp-content\/uploads\/2023\/05\/footer-logo.png","contentUrl":"https:\/\/wakeparkttom.com\/wp-content\/uploads\/2023\/05\/footer-logo.png","width":167,"height":138,"caption":"Wakepark Ttom"},"image":{"@id":"https:\/\/wakeparkttom.com\/#\/schema\/logo\/image\/"}}]}},"_links":{"self":[{"href":"https:\/\/wakeparkttom.com\/es\/wp-json\/wp\/v2\/pages\/231"}],"collection":[{"href":"https:\/\/wakeparkttom.com\/es\/wp-json\/wp\/v2\/pages"}],"about":[{"href":"https:\/\/wakeparkttom.com\/es\/wp-json\/wp\/v2\/types\/page"}],"author":[{"embeddable":true,"href":"https:\/\/wakeparkttom.com\/es\/wp-json\/wp\/v2\/users\/4"}],"replies":[{"embeddable":true,"href":"https:\/\/wakeparkttom.com\/es\/wp-json\/wp\/v2\/comments?post=231"}],"version-history":[{"count":53,"href":"https:\/\/wakeparkttom.com\/es\/wp-json\/wp\/v2\/pages\/231\/revisions"}],"predecessor-version":[{"id":1037,"href":"https:\/\/wakeparkttom.com\/es\/wp-json\/wp\/v2\/pages\/231\/revisions\/1037"}],"wp:attachment":[{"href":"https:\/\/wakeparkttom.com\/es\/wp-json\/wp\/v2\/media?parent=231"}],"curies":[{"name":"wp","href":"https:\/\/api.w.org\/{rel}","templated":true}]}}